 {"id":13579,"date":"2025-02-18T13:02:03","date_gmt":"2025-02-18T13:02:03","guid":{"rendered":"https:\/\/www.siveco.com\/ueber-uns\/vision-werte\/"},"modified":"2026-02-02T08:16:50","modified_gmt":"2026-02-02T08:16:50","slug":"vision-werte","status":"publish","type":"page","link":"https:\/\/www.siveco.com\/de\/vision-werte\/","title":{"rendered":"Vision &amp; Werte"},"content":{"rendered":"\t\t<div data-elementor-type=\"wp-page\" data-elementor-id=\"13579\" class=\"elementor elementor-13579 elementor-423\" data-elementor-post-type=\"page\">\n\t\t\t\t<div class=\"elementor-element elementor-element-12dad847 e-flex e-con-boxed e-con e-parent\" data-id=\"12dad847\" data-element_type=\"container\" data-e-type=\"container\" data-settings=\"{&quot;jet_parallax_layout_list&quot;:[]}\">\n\t\t\t\t\t<div class=\"e-con-inner\">\n\t\t<div class=\"elementor-element elementor-element-5af0c089 e-con-full e-flex e-con e-child\" data-id=\"5af0c089\" data-element_type=\"container\" data-e-type=\"container\" data-settings=\"{&quot;jet_parallax_layout_list&quot;:[]}\">\n\t\t\t\t<div class=\"elementor-element elementor-element-239a5e1d elementor-widget elementor-widget-text-editor\" data-id=\"239a5e1d\" data-element_type=\"widget\" data-e-type=\"widget\" data-widget_type=\"text-editor.default\">\n\t\t\t\t<div class=\"elementor-widget-container\">\n\t\t\t\t\t\t\t\t\t<p>Die Teams der Siveco Group arbeiten jeden Tag daran, die CSR-Ma\u00dfnahmen des Unternehmens einzuf\u00fchren, zu verstetigen und weiterzuentwickeln, um wirtschaftliche Leistung, soziale Leistung und Umweltleistung miteinander zu verbinden.<\/p>\t\t\t\t\t\t\t\t<\/div>\n\t\t\t\t<\/div>\n\t\t\t\t<\/div>\n\t\t<div class=\"elementor-element elementor-element-4f011272 e-con-full e-flex e-con e-child\" data-id=\"4f011272\" data-element_type=\"container\" data-e-type=\"container\" data-settings=\"{&quot;jet_parallax_layout_list&quot;:[]}\">\n\t\t\t\t<div class=\"elementor-element elementor-element-b4df67e elementor-widget elementor-widget-image\" data-id=\"b4df67e\" data-element_type=\"widget\" data-e-type=\"widget\" data-widget_type=\"image.default\">\n\t\t\t\t<div class=\"elementor-widget-container\">\n\t\t\t\t\t\t\t\t\t\t\t\t\t\t\t<img decoding=\"async\" src=\"https:\/\/www.siveco.com\/wp-content\/uploads\/2025\/06\/vision-et-valeurs-CARRE.jpg\" title=\"vision-et-valeurs-CARRE\" alt=\"vision-et-valeurs-CARRE\" loading=\"lazy\" \/>\t\t\t\t\t\t\t\t\t\t\t\t\t\t\t<\/div>\n\t\t\t\t<\/div>\n\t\t\t\t<\/div>\n\t\t\t\t\t<\/div>\n\t\t\t\t<\/div>\n\t\t<div class=\"elementor-element elementor-element-4271aa57 e-flex e-con-boxed e-con e-parent\" data-id=\"4271aa57\" data-element_type=\"container\" data-e-type=\"container\" data-settings=\"{&quot;jet_parallax_layout_list&quot;:[]}\">\n\t\t\t\t\t<div class=\"e-con-inner\">\n\t\t\t\t<div class=\"elementor-element elementor-element-550cf4d5 elementor-widget elementor-widget-heading\" data-id=\"550cf4d5\" data-element_type=\"widget\" data-e-type=\"widget\" data-widget_type=\"heading.default\">\n\t\t\t\t<div class=\"elementor-widget-container\">\n\t\t\t\t\t<h2 class=\"elementor-heading-title elementor-size-default\">Unsere Werte und unsere Daseinsberechtigung\n<\/h2>\t\t\t\t<\/div>\n\t\t\t\t<\/div>\n\t\t\t\t<div class=\"elementor-element elementor-element-638adfea elementor-widget elementor-widget-text-editor\" data-id=\"638adfea\" data-element_type=\"widget\" data-e-type=\"widget\" data-widget_type=\"text-editor.default\">\n\t\t\t\t<div class=\"elementor-widget-container\">\n\t\t\t\t\t\t\t\t\t<p>Innovation, Leistung, Anpassungsf\u00e4higkeit und Kundenzufriedenheit sind die wichtigsten Werte unserer Gruppe.<\/p><ul><li> Wir garantieren, dass unsere CMMS-Softwarel\u00f6sungen st\u00e4ndig weiterentwickelt werden, um mit den neuesten Entwicklungen Schritt zu halten.<\/li><li> Wir stellen unser Fachwissen und unsere Erfahrung in den Dienst Ihrer Leistung, um den Erfolg Ihres Projekts zu gew\u00e4hrleisten.<\/li><li> Wir passen unsere Methoden an Ihre Organisation und Ihr Gesch\u00e4ft an, um Ihnen zu helfen, Ihre Ziele zu erreichen.<\/li><li>Ihre Zufriedenheit ist unsere Priorit\u00e4t. Es ist uns ein Anliegen, Sie bei Ihrem Projekt und dar\u00fcber hinaus zu unterst\u00fctzen. <\/li><\/ul>\t\t\t\t\t\t\t\t<\/div>\n\t\t\t\t<\/div>\n\t\t\t\t\t<\/div>\n\t\t\t\t<\/div>\n\t\t<div class=\"elementor-element elementor-element-3878d90e e-flex e-con-boxed e-con e-parent\" data-id=\"3878d90e\" data-element_type=\"container\" data-e-type=\"container\" data-settings=\"{&quot;jet_parallax_layout_list&quot;:[]}\">\n\t\t\t\t\t<div class=\"e-con-inner\">\n\t\t<div class=\"elementor-element elementor-element-1c5d3f05 e-flex e-con-boxed e-con e-child\" data-id=\"1c5d3f05\" data-element_type=\"container\" data-e-type=\"container\" data-settings=\"{&quot;background_background&quot;:&quot;classic&quot;,&quot;jet_parallax_layout_list&quot;:[]}\">\n\t\t\t\t\t<div class=\"e-con-inner\">\n\t\t\t\t<div class=\"elementor-element elementor-element-23b54424 elementor-position-left elementor-vertical-align-bottom elementor-widget elementor-widget-image-box\" data-id=\"23b54424\" data-element_type=\"widget\" data-e-type=\"widget\" data-widget_type=\"image-box.default\">\n\t\t\t\t<div class=\"elementor-widget-container\">\n\t\t\t\t\t<div class=\"elementor-image-box-wrapper\"><figure class=\"elementor-image-box-img\"><img loading=\"lazy\" decoding=\"async\" width=\"298\" height=\"196\" src=\"https:\/\/www.siveco.com\/wp-content\/uploads\/2025\/04\/temoignage.png\" class=\"attachment-full size-full wp-image-5352\" alt=\"\" \/><\/figure><div class=\"elementor-image-box-content\"><p class=\"elementor-image-box-description\">\u201eDie Zertifizierung nach ISO 9001 ist ein wichtiger Schritt in unserem Engagement f\u00fcr kontinuierliche Verbesserung. Wir sind weiterhin entschlossen, unseren Kunden CMMS-L\u00f6sungen von h\u00f6chster Qualit\u00e4t zu bieten, und diese Anerkennung best\u00e4tigt unsere Bem\u00fchungen, in allen Phasen unserer T\u00e4tigkeit Spitzenleistungen zu gew\u00e4hrleisten.\u201c<\/p><\/div><\/div>\t\t\t\t<\/div>\n\t\t\t\t<\/div>\n\t\t\t\t<div class=\"elementor-element elementor-element-29c1dada elementor-position-left elementor-vertical-align-bottom elementor-widget elementor-widget-image-box\" data-id=\"29c1dada\" data-element_type=\"widget\" data-e-type=\"widget\" data-widget_type=\"image-box.default\">\n\t\t\t\t<div class=\"elementor-widget-container\">\n\t\t\t\t\t<div class=\"elementor-image-box-wrapper\"><figure class=\"elementor-image-box-img\"><img decoding=\"async\" src=\"https:\/\/www.siveco.com\/wp-content\/uploads\/2025\/06\/siveco_photo_cfichera.jpg\" title=\"siveco_photo_cfichera\" alt=\"siveco_photo_cfichera\" loading=\"lazy\" \/><\/figure><div class=\"elementor-image-box-content\"><h3 class=\"elementor-image-box-title\">Carlo FICHERA<\/h3><p class=\"elementor-image-box-description\">Vorsitzender und Generaldirektor der Siveco Group<\/p><\/div><\/div>\t\t\t\t<\/div>\n\t\t\t\t<\/div>\n\t\t\t\t\t<\/div>\n\t\t\t\t<\/div>\n\t\t\t\t\t<\/div>\n\t\t\t\t<\/div>\n\t\t<div class=\"elementor-element elementor-element-5c7756b0 e-flex e-con-boxed e-con e-parent\" data-id=\"5c7756b0\" data-element_type=\"container\" data-e-type=\"container\" data-settings=\"{&quot;jet_parallax_layout_list&quot;:[]}\">\n\t\t\t\t\t<div class=\"e-con-inner\">\n\t\t\t\t<div class=\"elementor-element elementor-element-552d5d94 elementor-widget elementor-widget-heading\" data-id=\"552d5d94\" data-element_type=\"widget\" data-e-type=\"widget\" data-widget_type=\"heading.default\">\n\t\t\t\t<div class=\"elementor-widget-container\">\n\t\t\t\t\t<h2 class=\"elementor-heading-title elementor-size-default\">Qualit\u00e4tsmanagement und Zertifizierungen<\/h2>\t\t\t\t<\/div>\n\t\t\t\t<\/div>\n\t\t\t\t<div class=\"elementor-element elementor-element-46ecad42 elementor-widget elementor-widget-text-editor\" data-id=\"46ecad42\" data-element_type=\"widget\" data-e-type=\"widget\" data-widget_type=\"text-editor.default\">\n\t\t\t\t<div class=\"elementor-widget-container\">\n\t\t\t\t\t\t\t\t\t<p>Siveco Group hat vor mehreren Jahren einen Qualit\u00e4tsprozess eingeleitet, um die Arbeitsweise und das Know-how des Unternehmens zu optimieren.<\/p><p>Unser leistungsstarkes Qualit\u00e4tsmanagementsystem, das wir t\u00e4glich anwenden, hat uns die folgenden Zertifizierungen eingebracht:<\/p><ul><li style=\"list-style-type: none;\"><ul><li><strong>ISO9001<\/strong> : Die Siveco Group hat ihre F\u00e4higkeit unter Beweis gestellt, einen Service anzubieten, der den Bed\u00fcrfnissen ihrer Kunden entspricht. <a href=\"https:\/\/www.iafcertsearch.org\/certified-entity\/ocwHgd8E5pDlsFQBxLNKnGGV\">Siehe Zertifizierung<\/a><br><br><\/li><\/ul><\/li><\/ul><p>All diese Ma\u00dfnahmen sind ein Garant f\u00fcr Qualit\u00e4t und Erfolg f\u00fcr alle unsere Kunden. <\/p>\t\t\t\t\t\t\t\t<\/div>\n\t\t\t\t<\/div>\n\t\t\t\t\t<\/div>\n\t\t\t\t<\/div>\n\t\t<div class=\"elementor-element elementor-element-70fa47e2 e-flex e-con-boxed e-con e-parent\" data-id=\"70fa47e2\" data-element_type=\"container\" data-e-type=\"container\" data-settings=\"{&quot;jet_parallax_layout_list&quot;:[]}\">\n\t\t\t\t\t<div class=\"e-con-inner\">\n\t\t\t\t<div class=\"elementor-element elementor-element-37443ca5 elementor-position-left elementor-vertical-align-middle elementor-widget elementor-widget-image-box\" data-id=\"37443ca5\" data-element_type=\"widget\" data-e-type=\"widget\" data-widget_type=\"image-box.default\">\n\t\t\t\t<div class=\"elementor-widget-container\">\n\t\t\t\t\t<div class=\"elementor-image-box-wrapper\"><figure class=\"elementor-image-box-img\"><img loading=\"lazy\" decoding=\"async\" width=\"224\" height=\"224\" src=\"https:\/\/www.siveco.com\/wp-content\/uploads\/2025\/03\/know.png\" class=\"attachment-full size-full wp-image-3275\" alt=\"\" \/><\/figure><div class=\"elementor-image-box-content\"><h3 class=\"elementor-image-box-title\">Wussten Sie das?<\/h3><p class=\"elementor-image-box-description\">F\u00fcr 2024 wurden 482 Personen geschult und die Zufriedenheitsrate mit den Schulungen betrug 93,9%.  <\/p><\/div><\/div>\t\t\t\t<\/div>\n\t\t\t\t<\/div>\n\t\t\t\t\t<\/div>\n\t\t\t\t<\/div>\n\t\t<div class=\"elementor-element elementor-element-2818e0df e-flex e-con-boxed e-con e-parent\" data-id=\"2818e0df\" data-element_type=\"container\" data-e-type=\"container\" data-settings=\"{&quot;jet_parallax_layout_list&quot;:[]}\">\n\t\t\t\t\t<div class=\"e-con-inner\">\n\t\t<div class=\"elementor-element elementor-element-299cd3eb e-con-full e-flex e-con e-child\" data-id=\"299cd3eb\" data-element_type=\"container\" data-e-type=\"container\" data-settings=\"{&quot;jet_parallax_layout_list&quot;:[]}\">\n\t\t\t\t<div class=\"elementor-element elementor-element-32201305 elementor-widget elementor-widget-heading\" data-id=\"32201305\" data-element_type=\"widget\" data-e-type=\"widget\" data-widget_type=\"heading.default\">\n\t\t\t\t<div class=\"elementor-widget-container\">\n\t\t\t\t\t<h2 class=\"elementor-heading-title elementor-size-default\">Unsere Verpflichtungen<\/h2>\t\t\t\t<\/div>\n\t\t\t\t<\/div>\n\t\t\t\t<div class=\"elementor-element elementor-element-9a6696a elementor-widget elementor-widget-text-editor\" data-id=\"9a6696a\" data-element_type=\"widget\" data-e-type=\"widget\" data-widget_type=\"text-editor.default\">\n\t\t\t\t<div class=\"elementor-widget-container\">\n\t\t\t\t\t\t\t\t\t<p>Unsere T\u00e4tigkeit als Softwarehersteller wird als &#8222;nicht umweltsch\u00e4dlich&#8220; angesehen, da sie dematerialisiert ist.<\/p><p>Wir sind jedoch der Ansicht, dass es in unserer Verantwortung liegt, daf\u00fcr zu sorgen, dass <strong>unsere Entscheidungen und Handlungen so umweltfreundlich und sozialvertr\u00e4glich wie m\u00f6glich sind<\/strong>:<\/p><ul><li>Reduzierung unserer negativen Auswirkungen auf die Umwelt: Wir haben uns entschieden, die Reiset\u00e4tigkeit unserer Mitarbeiter zu reduzieren, wo immer dies m\u00f6glich ist, insbesondere durch die Einf\u00fchrung von Telearbeit f\u00fcr diejenigen, die dies w\u00fcnschen, aber auch durch die Durchf\u00fchrung von Gesch\u00e4ftsterminen und Vorf\u00fchrungen aus der Ferne, wo dies m\u00f6glich ist. Die meisten notwendigen Reisen werden mit dem Zug unternommen.   <br>Wir haben auf dem Dach unseres Forschungs- und Entwicklungszentrums in Montpellier Photovoltaikpaneele installiert, um einen Teil des Energieverbrauchs des Standorts zu decken.<\/li><li>die Entwicklung der Besch\u00e4ftigung im Land.<\/li><li>Beteiligung an der lokalen Wirtschaft.<\/li><\/ul>\t\t\t\t\t\t\t\t<\/div>\n\t\t\t\t<\/div>\n\t\t\t\t<\/div>\n\t\t\t\t\t<\/div>\n\t\t\t\t<\/div>\n\t\t\t\t<\/div>\n\t\t","protected":false},"excerpt":{"rendered":"<p>Die Teams der Siveco Group arbeiten jeden Tag daran, die CSR-Ma\u00dfnahmen des Unternehmens einzuf\u00fchren, zu verstetigen und weiterzuentwickeln, um wirtschaftliche Leistung, soziale Leistung und Umweltleistung miteinander zu verbinden. Unsere Werte und unsere Daseinsberechtigung Innovation, Leistung, Anpassungsf\u00e4higkeit und Kundenzufriedenheit sind die wichtigsten Werte unserer Gruppe. Wir garantieren, dass unsere CMMS-Softwarel\u00f6sungen st\u00e4ndig weiterentwickelt werden, um mit den [&hellip;]<\/p>\n","protected":false},"author":1,"featured_media":6093,"parent":0,"menu_order":2,"comment_status":"closed","ping_status":"closed","template":"","meta":{"footnotes":""},"class_list":["post-13579","page","type-page","status-publish","has-post-thumbnail","hentry"],"yoast_head":"<!-- This site is optimized with the Yoast SEO plugin v27.3 - https:\/\/yoast.com\/product\/yoast-seo-wordpress\/ -->\n<title>Vision &amp; Werte - Siveco<\/title>\n<meta name=\"robots\" content=\"index, follow, max-snippet:-1, max-image-preview:large, max-video-preview:-1\" \/>\n<link rel=\"canonical\" href=\"https:\/\/www.siveco.com\/de\/vision-werte\/\" \/>\n<meta property=\"og:locale\" content=\"de_DE\" \/>\n<meta property=\"og:type\" content=\"article\" \/>\n<meta property=\"og:title\" content=\"Vision &amp; Werte - Siveco\" \/>\n<meta property=\"og:description\" content=\"Die Teams der Siveco Group arbeiten jeden Tag daran, die CSR-Ma\u00dfnahmen des Unternehmens einzuf\u00fchren, zu verstetigen und weiterzuentwickeln, um wirtschaftliche Leistung, soziale Leistung und Umweltleistung miteinander zu verbinden. Unsere Werte und unsere Daseinsberechtigung Innovation, Leistung, Anpassungsf\u00e4higkeit und Kundenzufriedenheit sind die wichtigsten Werte unserer Gruppe. Wir garantieren, dass unsere CMMS-Softwarel\u00f6sungen st\u00e4ndig weiterentwickelt werden, um mit den [&hellip;]\" \/>\n<meta property=\"og:url\" content=\"https:\/\/www.siveco.com\/de\/vision-werte\/\" \/>\n<meta property=\"og:site_name\" content=\"Siveco\" \/>\n<meta property=\"article:modified_time\" content=\"2026-02-02T08:16:50+00:00\" \/>\n<meta property=\"og:image\" content=\"https:\/\/www.siveco.com\/wp-content\/uploads\/2025\/04\/vision-et-valeurs.jpg\" \/>\n\t<meta property=\"og:image:width\" content=\"999\" \/>\n\t<meta property=\"og:image:height\" content=\"396\" \/>\n\t<meta property=\"og:image:type\" content=\"image\/jpeg\" \/>\n<meta name=\"twitter:card\" content=\"summary_large_image\" \/>\n<meta name=\"twitter:label1\" content=\"Gesch\u00e4tzte Lesezeit\" \/>\n\t<meta name=\"twitter:data1\" content=\"3\u00a0Minuten\" \/>\n<script type=\"application\/ld+json\" class=\"yoast-schema-graph\">{\"@context\":\"https:\\\/\\\/schema.org\",\"@graph\":[{\"@type\":\"WebPage\",\"@id\":\"https:\\\/\\\/www.siveco.com\\\/de\\\/vision-werte\\\/\",\"url\":\"https:\\\/\\\/www.siveco.com\\\/de\\\/vision-werte\\\/\",\"name\":\"Vision &amp; Werte - Siveco\",\"isPartOf\":{\"@id\":\"https:\\\/\\\/www.siveco.com\\\/de\\\/#website\"},\"primaryImageOfPage\":{\"@id\":\"https:\\\/\\\/www.siveco.com\\\/de\\\/vision-werte\\\/#primaryimage\"},\"image\":{\"@id\":\"https:\\\/\\\/www.siveco.com\\\/de\\\/vision-werte\\\/#primaryimage\"},\"thumbnailUrl\":\"https:\\\/\\\/www.siveco.com\\\/wp-content\\\/uploads\\\/2025\\\/04\\\/vision-et-valeurs.jpg\",\"datePublished\":\"2025-02-18T13:02:03+00:00\",\"dateModified\":\"2026-02-02T08:16:50+00:00\",\"breadcrumb\":{\"@id\":\"https:\\\/\\\/www.siveco.com\\\/de\\\/vision-werte\\\/#breadcrumb\"},\"inLanguage\":\"de\",\"potentialAction\":[{\"@type\":\"ReadAction\",\"target\":[\"https:\\\/\\\/www.siveco.com\\\/de\\\/vision-werte\\\/\"]}]},{\"@type\":\"ImageObject\",\"inLanguage\":\"de\",\"@id\":\"https:\\\/\\\/www.siveco.com\\\/de\\\/vision-werte\\\/#primaryimage\",\"url\":\"https:\\\/\\\/www.siveco.com\\\/wp-content\\\/uploads\\\/2025\\\/04\\\/vision-et-valeurs.jpg\",\"contentUrl\":\"https:\\\/\\\/www.siveco.com\\\/wp-content\\\/uploads\\\/2025\\\/04\\\/vision-et-valeurs.jpg\",\"width\":999,\"height\":396,\"caption\":\"The concept of business, technology, the Internet and the network. A young entrepreneur working on a virtual screen of the future and sees the inscription: CSR\"},{\"@type\":\"BreadcrumbList\",\"@id\":\"https:\\\/\\\/www.siveco.com\\\/de\\\/vision-werte\\\/#breadcrumb\",\"itemListElement\":[{\"@type\":\"ListItem\",\"position\":1,\"name\":\"Accueil\",\"item\":\"https:\\\/\\\/www.siveco.com\\\/de\\\/\"},{\"@type\":\"ListItem\",\"position\":2,\"name\":\"Vision &amp; Werte\"}]},{\"@type\":\"WebSite\",\"@id\":\"https:\\\/\\\/www.siveco.com\\\/de\\\/#website\",\"url\":\"https:\\\/\\\/www.siveco.com\\\/de\\\/\",\"name\":\"Siveco\",\"description\":\"Le sp\u00e9cialiste de la GMAO\",\"publisher\":{\"@id\":\"https:\\\/\\\/www.siveco.com\\\/de\\\/#organization\"},\"potentialAction\":[{\"@type\":\"SearchAction\",\"target\":{\"@type\":\"EntryPoint\",\"urlTemplate\":\"https:\\\/\\\/www.siveco.com\\\/de\\\/?s={search_term_string}\"},\"query-input\":{\"@type\":\"PropertyValueSpecification\",\"valueRequired\":true,\"valueName\":\"search_term_string\"}}],\"inLanguage\":\"de\"},{\"@type\":\"Organization\",\"@id\":\"https:\\\/\\\/www.siveco.com\\\/de\\\/#organization\",\"name\":\"Siveco\",\"url\":\"https:\\\/\\\/www.siveco.com\\\/de\\\/\",\"logo\":{\"@type\":\"ImageObject\",\"inLanguage\":\"de\",\"@id\":\"https:\\\/\\\/www.siveco.com\\\/de\\\/#\\\/schema\\\/logo\\\/image\\\/\",\"url\":\"https:\\\/\\\/www.siveco.com\\\/wp-content\\\/uploads\\\/2025\\\/02\\\/logo-siveco-white.png\",\"contentUrl\":\"https:\\\/\\\/www.siveco.com\\\/wp-content\\\/uploads\\\/2025\\\/02\\\/logo-siveco-white.png\",\"width\":1168,\"height\":481,\"caption\":\"Siveco\"},\"image\":{\"@id\":\"https:\\\/\\\/www.siveco.com\\\/de\\\/#\\\/schema\\\/logo\\\/image\\\/\"}}]}<\/script>\n<!-- \/ Yoast SEO plugin. -->","yoast_head_json":{"title":"Vision &amp; Werte - Siveco","robots":{"index":"index","follow":"follow","max-snippet":"max-snippet:-1","max-image-preview":"max-image-preview:large","max-video-preview":"max-video-preview:-1"},"canonical":"https:\/\/www.siveco.com\/de\/vision-werte\/","og_locale":"de_DE","og_type":"article","og_title":"Vision &amp; Werte - Siveco","og_description":"Die Teams der Siveco Group arbeiten jeden Tag daran, die CSR-Ma\u00dfnahmen des Unternehmens einzuf\u00fchren, zu verstetigen und weiterzuentwickeln, um wirtschaftliche Leistung, soziale Leistung und Umweltleistung miteinander zu verbinden. Unsere Werte und unsere Daseinsberechtigung Innovation, Leistung, Anpassungsf\u00e4higkeit und Kundenzufriedenheit sind die wichtigsten Werte unserer Gruppe. Wir garantieren, dass unsere CMMS-Softwarel\u00f6sungen st\u00e4ndig weiterentwickelt werden, um mit den [&hellip;]","og_url":"https:\/\/www.siveco.com\/de\/vision-werte\/","og_site_name":"Siveco","article_modified_time":"2026-02-02T08:16:50+00:00","og_image":[{"width":999,"height":396,"url":"https:\/\/www.siveco.com\/wp-content\/uploads\/2025\/04\/vision-et-valeurs.jpg","type":"image\/jpeg"}],"twitter_card":"summary_large_image","twitter_misc":{"Gesch\u00e4tzte Lesezeit":"3\u00a0Minuten"},"schema":{"@context":"https:\/\/schema.org","@graph":[{"@type":"WebPage","@id":"https:\/\/www.siveco.com\/de\/vision-werte\/","url":"https:\/\/www.siveco.com\/de\/vision-werte\/","name":"Vision &amp; Werte - Siveco","isPartOf":{"@id":"https:\/\/www.siveco.com\/de\/#website"},"primaryImageOfPage":{"@id":"https:\/\/www.siveco.com\/de\/vision-werte\/#primaryimage"},"image":{"@id":"https:\/\/www.siveco.com\/de\/vision-werte\/#primaryimage"},"thumbnailUrl":"https:\/\/www.siveco.com\/wp-content\/uploads\/2025\/04\/vision-et-valeurs.jpg","datePublished":"2025-02-18T13:02:03+00:00","dateModified":"2026-02-02T08:16:50+00:00","breadcrumb":{"@id":"https:\/\/www.siveco.com\/de\/vision-werte\/#breadcrumb"},"inLanguage":"de","potentialAction":[{"@type":"ReadAction","target":["https:\/\/www.siveco.com\/de\/vision-werte\/"]}]},{"@type":"ImageObject","inLanguage":"de","@id":"https:\/\/www.siveco.com\/de\/vision-werte\/#primaryimage","url":"https:\/\/www.siveco.com\/wp-content\/uploads\/2025\/04\/vision-et-valeurs.jpg","contentUrl":"https:\/\/www.siveco.com\/wp-content\/uploads\/2025\/04\/vision-et-valeurs.jpg","width":999,"height":396,"caption":"The concept of business, technology, the Internet and the network. A young entrepreneur working on a virtual screen of the future and sees the inscription: CSR"},{"@type":"BreadcrumbList","@id":"https:\/\/www.siveco.com\/de\/vision-werte\/#breadcrumb","itemListElement":[{"@type":"ListItem","position":1,"name":"Accueil","item":"https:\/\/www.siveco.com\/de\/"},{"@type":"ListItem","position":2,"name":"Vision &amp; Werte"}]},{"@type":"WebSite","@id":"https:\/\/www.siveco.com\/de\/#website","url":"https:\/\/www.siveco.com\/de\/","name":"Siveco","description":"Le sp\u00e9cialiste de la GMAO","publisher":{"@id":"https:\/\/www.siveco.com\/de\/#organization"},"potentialAction":[{"@type":"SearchAction","target":{"@type":"EntryPoint","urlTemplate":"https:\/\/www.siveco.com\/de\/?s={search_term_string}"},"query-input":{"@type":"PropertyValueSpecification","valueRequired":true,"valueName":"search_term_string"}}],"inLanguage":"de"},{"@type":"Organization","@id":"https:\/\/www.siveco.com\/de\/#organization","name":"Siveco","url":"https:\/\/www.siveco.com\/de\/","logo":{"@type":"ImageObject","inLanguage":"de","@id":"https:\/\/www.siveco.com\/de\/#\/schema\/logo\/image\/","url":"https:\/\/www.siveco.com\/wp-content\/uploads\/2025\/02\/logo-siveco-white.png","contentUrl":"https:\/\/www.siveco.com\/wp-content\/uploads\/2025\/02\/logo-siveco-white.png","width":1168,"height":481,"caption":"Siveco"},"image":{"@id":"https:\/\/www.siveco.com\/de\/#\/schema\/logo\/image\/"}}]}},"_links":{"self":[{"href":"https:\/\/www.siveco.com\/de\/wp-json\/wp\/v2\/pages\/13579","targetHints":{"allow":["GET"]}}],"collection":[{"href":"https:\/\/www.siveco.com\/de\/wp-json\/wp\/v2\/pages"}],"about":[{"href":"https:\/\/www.siveco.com\/de\/wp-json\/wp\/v2\/types\/page"}],"author":[{"embeddable":true,"href":"https:\/\/www.siveco.com\/de\/wp-json\/wp\/v2\/users\/1"}],"replies":[{"embeddable":true,"href":"https:\/\/www.siveco.com\/de\/wp-json\/wp\/v2\/comments?post=13579"}],"version-history":[{"count":6,"href":"https:\/\/www.siveco.com\/de\/wp-json\/wp\/v2\/pages\/13579\/revisions"}],"predecessor-version":[{"id":19417,"href":"https:\/\/www.siveco.com\/de\/wp-json\/wp\/v2\/pages\/13579\/revisions\/19417"}],"wp:featuredmedia":[{"embeddable":true,"href":"https:\/\/www.siveco.com\/de\/wp-json\/wp\/v2\/media\/6093"}],"wp:attachment":[{"href":"https:\/\/www.siveco.com\/de\/wp-json\/wp\/v2\/media?parent=13579"}],"curies":[{"name":"wp","href":"https:\/\/api.w.org\/{rel}","templated":true}]}}