 {"id":13593,"date":"2025-02-18T13:02:42","date_gmt":"2025-02-18T13:02:42","guid":{"rendered":"https:\/\/www.siveco.com\/ueber-uns\/wie-sie-uns-erreichen\/"},"modified":"2025-07-09T15:30:21","modified_gmt":"2025-07-09T15:30:21","slug":"wie-sie-uns-erreichen","status":"publish","type":"page","link":"https:\/\/www.siveco.com\/de\/wie-sie-uns-erreichen\/","title":{"rendered":"Wie Sie uns erreichen"},"content":{"rendered":"\t\t<div data-elementor-type=\"wp-page\" data-elementor-id=\"13593\" class=\"elementor elementor-13593 elementor-427\" data-elementor-post-type=\"page\">\n\t\t\t\t<div class=\"elementor-element elementor-element-d2a31ce e-flex e-con-boxed e-con e-parent\" data-id=\"d2a31ce\" data-element_type=\"container\" data-e-type=\"container\" data-settings=\"{&quot;jet_parallax_layout_list&quot;:[]}\">\n\t\t\t\t\t<div class=\"e-con-inner\">\n\t\t\t\t<div class=\"elementor-element elementor-element-9bb1ce2 elementor-widget elementor-widget-heading\" data-id=\"9bb1ce2\" data-element_type=\"widget\" data-e-type=\"widget\" data-widget_type=\"heading.default\">\n\t\t\t\t<div class=\"elementor-widget-container\">\n\t\t\t\t\t<h2 class=\"elementor-heading-title elementor-size-default\">Entdecken Sie unsere Stellenangebote, bewerben Sie sich und kommen Sie zu uns!  <\/h2>\t\t\t\t<\/div>\n\t\t\t\t<\/div>\n\t\t\t\t<div class=\"elementor-element elementor-element-c96cf50 elementor-widget elementor-widget-text-editor\" data-id=\"c96cf50\" data-element_type=\"widget\" data-e-type=\"widget\" data-widget_type=\"text-editor.default\">\n\t\t\t\t<div class=\"elementor-widget-container\">\n\t\t\t\t\t\t\t\t\t<p>Im Rahmen ihres starken Wachstums stellt die Siveco Group Mitarbeiter in verschiedenen Fachbereichen ein.<br>Sie sind Praktikant, Hochschulabsolvent oder erfahren? Wir k\u00f6nnen Ihnen helfen, Ihre Projekte zu verwirklichen und Ihnen echte Entwicklungsperspektiven bieten. Wenn Sie Teil eines \u00fcberschaubaren Teams werden m\u00f6chten, das jeden Mitarbeiter individuell betreut, f\u00fcllen Sie bitte das Bewerbungsformular aus.  <\/p>\t\t\t\t\t\t\t\t<\/div>\n\t\t\t\t<\/div>\n\t\t\t\t<div class=\"elementor-element elementor-element-6eff727 elementor-align-center elementor-widget elementor-widget-button\" data-id=\"6eff727\" data-element_type=\"widget\" data-e-type=\"widget\" data-widget_type=\"button.default\">\n\t\t\t\t<div class=\"elementor-widget-container\">\n\t\t\t\t\t\t\t\t\t<div class=\"elementor-button-wrapper\">\n\t\t\t\t\t<a class=\"elementor-button elementor-button-link elementor-size-sm\" href=\"https:\/\/www.siveco.com\/de\/wie-sie-uns-erreichen\/spontanbewerbung\/\">\n\t\t\t\t\t\t<span class=\"elementor-button-content-wrapper\">\n\t\t\t\t\t\t<span class=\"elementor-button-icon\">\n\t\t\t\t<i aria-hidden=\"true\" class=\"icon icon-arrow-up-right2\"><\/i>\t\t\t<\/span>\n\t\t\t\t\t\t\t\t\t<span class=\"elementor-button-text\">Spontanbewerbung<\/span>\n\t\t\t\t\t<\/span>\n\t\t\t\t\t<\/a>\n\t\t\t\t<\/div>\n\t\t\t\t\t\t\t\t<\/div>\n\t\t\t\t<\/div>\n\t\t\t\t<div class=\"elementor-element elementor-element-3d38733 elementor-widget-divider--view-line elementor-widget elementor-widget-divider\" data-id=\"3d38733\" data-element_type=\"widget\" data-e-type=\"widget\" data-widget_type=\"divider.default\">\n\t\t\t\t<div class=\"elementor-widget-container\">\n\t\t\t\t\t\t\t<div class=\"elementor-divider\">\n\t\t\t<span class=\"elementor-divider-separator\">\n\t\t\t\t\t\t<\/span>\n\t\t<\/div>\n\t\t\t\t\t\t<\/div>\n\t\t\t\t<\/div>\n\t\t\t\t<div class=\"elementor-element elementor-element-c2cc892 elementor-widget elementor-widget-heading\" data-id=\"c2cc892\" data-element_type=\"widget\" data-e-type=\"widget\" data-widget_type=\"heading.default\">\n\t\t\t\t<div class=\"elementor-widget-container\">\n\t\t\t\t\t<h2 class=\"elementor-heading-title elementor-size-default\">Derzeit suchen wir nach :<\/h2>\t\t\t\t<\/div>\n\t\t\t\t<\/div>\n\t\t\t\t<div class=\"elementor-element elementor-element-3b07658 elementor-widget elementor-widget-jet-listing-grid\" data-id=\"3b07658\" data-element_type=\"widget\" data-e-type=\"widget\" data-settings=\"{&quot;columns&quot;:&quot;1&quot;}\" data-widget_type=\"jet-listing-grid.default\">\n\t\t\t\t<div class=\"elementor-widget-container\">\n\t\t\t\t\t<div class=\"jet-listing-grid jet-listing\"><div class=\"jet-listing-not-found jet-listing-grid__items\" data-nav=\"{&quot;enabled&quot;:false,&quot;type&quot;:null,&quot;more_el&quot;:null,&quot;query&quot;:[],&quot;widget_settings&quot;:{&quot;lisitng_id&quot;:4751,&quot;posts_num&quot;:24,&quot;columns&quot;:1,&quot;columns_tablet&quot;:1,&quot;columns_mobile&quot;:1,&quot;column_min_width&quot;:240,&quot;column_min_width_tablet&quot;:240,&quot;column_min_width_mobile&quot;:240,&quot;inline_columns_css&quot;:false,&quot;is_archive_template&quot;:&quot;&quot;,&quot;post_status&quot;:[&quot;publish&quot;],&quot;use_random_posts_num&quot;:&quot;&quot;,&quot;max_posts_num&quot;:9,&quot;not_found_message&quot;:&quot;Keine Stellenangebote&quot;,&quot;is_masonry&quot;:false,&quot;equal_columns_height&quot;:&quot;yes&quot;,&quot;use_load_more&quot;:&quot;&quot;,&quot;load_more_id&quot;:&quot;&quot;,&quot;load_more_type&quot;:&quot;scroll&quot;,&quot;load_more_offset&quot;:{&quot;unit&quot;:&quot;px&quot;,&quot;size&quot;:0,&quot;sizes&quot;:[]},&quot;use_custom_post_types&quot;:&quot;&quot;,&quot;custom_post_types&quot;:[],&quot;hide_widget_if&quot;:&quot;&quot;,&quot;carousel_enabled&quot;:&quot;&quot;,&quot;slides_to_scroll&quot;:&quot;1&quot;,&quot;arrows&quot;:&quot;true&quot;,&quot;arrow_icon&quot;:&quot;fa fa-angle-left&quot;,&quot;dots&quot;:&quot;&quot;,&quot;autoplay&quot;:&quot;true&quot;,&quot;pause_on_hover&quot;:&quot;true&quot;,&quot;autoplay_speed&quot;:5000,&quot;infinite&quot;:&quot;true&quot;,&quot;center_mode&quot;:&quot;&quot;,&quot;effect&quot;:&quot;slide&quot;,&quot;speed&quot;:500,&quot;inject_alternative_items&quot;:&quot;&quot;,&quot;injection_items&quot;:[],&quot;scroll_slider_enabled&quot;:&quot;&quot;,&quot;scroll_slider_on&quot;:[&quot;desktop&quot;,&quot;tablet&quot;,&quot;mobile&quot;],&quot;custom_query&quot;:false,&quot;custom_query_id&quot;:&quot;&quot;,&quot;_element_id&quot;:&quot;&quot;,&quot;collapse_first_last_gap&quot;:&quot;true&quot;,&quot;list_tag_selection&quot;:&quot;&quot;,&quot;list_items_wrapper_tag&quot;:&quot;div&quot;,&quot;list_item_tag&quot;:&quot;div&quot;,&quot;empty_items_wrapper_tag&quot;:&quot;div&quot;}}\" data-listing-source=\"posts\" data-listing-id=\"4751\" data-query-id=\"\" data-queried-id=\"13593|WP_Post\">Keine Stellenangebote<\/div><\/div>\t\t\t\t<\/div>\n\t\t\t\t<\/div>\n\t\t\t\t\t<\/div>\n\t\t\t\t<\/div>\n\t\t\t\t<\/div>\n\t\t","protected":false},"excerpt":{"rendered":"<p>Entdecken Sie unsere Stellenangebote, bewerben Sie sich und kommen Sie zu uns! Im Rahmen ihres starken Wachstums stellt die Siveco Group Mitarbeiter in verschiedenen Fachbereichen ein.Sie sind Praktikant, Hochschulabsolvent oder erfahren? Wir k\u00f6nnen Ihnen helfen, Ihre Projekte zu verwirklichen und Ihnen echte Entwicklungsperspektiven bieten. Wenn Sie Teil eines \u00fcberschaubaren Teams werden m\u00f6chten, das jeden Mitarbeiter [&hellip;]<\/p>\n","protected":false},"author":1,"featured_media":6109,"parent":0,"menu_order":4,"comment_status":"closed","ping_status":"closed","template":"","meta":{"footnotes":""},"class_list":["post-13593","page","type-page","status-publish","has-post-thumbnail","hentry"],"yoast_head":"<!-- This site is optimized with the Yoast SEO plugin v27.3 - https:\/\/yoast.com\/product\/yoast-seo-wordpress\/ -->\n<title>Wie Sie uns erreichen - Siveco<\/title>\n<meta name=\"robots\" content=\"index, follow, max-snippet:-1, max-image-preview:large, max-video-preview:-1\" \/>\n<link rel=\"canonical\" href=\"https:\/\/www.siveco.com\/de\/wie-sie-uns-erreichen\/\" \/>\n<meta property=\"og:locale\" content=\"de_DE\" \/>\n<meta property=\"og:type\" content=\"article\" \/>\n<meta property=\"og:title\" content=\"Wie Sie uns erreichen - Siveco\" \/>\n<meta property=\"og:description\" content=\"Entdecken Sie unsere Stellenangebote, bewerben Sie sich und kommen Sie zu uns! Im Rahmen ihres starken Wachstums stellt die Siveco Group Mitarbeiter in verschiedenen Fachbereichen ein.Sie sind Praktikant, Hochschulabsolvent oder erfahren? Wir k\u00f6nnen Ihnen helfen, Ihre Projekte zu verwirklichen und Ihnen echte Entwicklungsperspektiven bieten. Wenn Sie Teil eines \u00fcberschaubaren Teams werden m\u00f6chten, das jeden Mitarbeiter [&hellip;]\" \/>\n<meta property=\"og:url\" content=\"https:\/\/www.siveco.com\/de\/wie-sie-uns-erreichen\/\" \/>\n<meta property=\"og:site_name\" content=\"Siveco\" \/>\n<meta property=\"article:modified_time\" content=\"2025-07-09T15:30:21+00:00\" \/>\n<meta property=\"og:image\" content=\"https:\/\/www.siveco.com\/wp-content\/uploads\/2025\/04\/join-us.jpg\" \/>\n\t<meta property=\"og:image:width\" content=\"1000\" \/>\n\t<meta property=\"og:image:height\" content=\"355\" \/>\n\t<meta property=\"og:image:type\" content=\"image\/jpeg\" \/>\n<meta name=\"twitter:card\" content=\"summary_large_image\" \/>\n<script type=\"application\/ld+json\" class=\"yoast-schema-graph\">{\"@context\":\"https:\\\/\\\/schema.org\",\"@graph\":[{\"@type\":\"WebPage\",\"@id\":\"https:\\\/\\\/www.siveco.com\\\/de\\\/wie-sie-uns-erreichen\\\/\",\"url\":\"https:\\\/\\\/www.siveco.com\\\/de\\\/wie-sie-uns-erreichen\\\/\",\"name\":\"Wie Sie uns erreichen - Siveco\",\"isPartOf\":{\"@id\":\"https:\\\/\\\/www.siveco.com\\\/de\\\/#website\"},\"primaryImageOfPage\":{\"@id\":\"https:\\\/\\\/www.siveco.com\\\/de\\\/wie-sie-uns-erreichen\\\/#primaryimage\"},\"image\":{\"@id\":\"https:\\\/\\\/www.siveco.com\\\/de\\\/wie-sie-uns-erreichen\\\/#primaryimage\"},\"thumbnailUrl\":\"https:\\\/\\\/www.siveco.com\\\/wp-content\\\/uploads\\\/2025\\\/04\\\/join-us.jpg\",\"datePublished\":\"2025-02-18T13:02:42+00:00\",\"dateModified\":\"2025-07-09T15:30:21+00:00\",\"breadcrumb\":{\"@id\":\"https:\\\/\\\/www.siveco.com\\\/de\\\/wie-sie-uns-erreichen\\\/#breadcrumb\"},\"inLanguage\":\"de\",\"potentialAction\":[{\"@type\":\"ReadAction\",\"target\":[\"https:\\\/\\\/www.siveco.com\\\/de\\\/wie-sie-uns-erreichen\\\/\"]}]},{\"@type\":\"ImageObject\",\"inLanguage\":\"de\",\"@id\":\"https:\\\/\\\/www.siveco.com\\\/de\\\/wie-sie-uns-erreichen\\\/#primaryimage\",\"url\":\"https:\\\/\\\/www.siveco.com\\\/wp-content\\\/uploads\\\/2025\\\/04\\\/join-us.jpg\",\"contentUrl\":\"https:\\\/\\\/www.siveco.com\\\/wp-content\\\/uploads\\\/2025\\\/04\\\/join-us.jpg\",\"width\":1000,\"height\":355,\"caption\":\"Nous rejoindre\"},{\"@type\":\"BreadcrumbList\",\"@id\":\"https:\\\/\\\/www.siveco.com\\\/de\\\/wie-sie-uns-erreichen\\\/#breadcrumb\",\"itemListElement\":[{\"@type\":\"ListItem\",\"position\":1,\"name\":\"Accueil\",\"item\":\"https:\\\/\\\/www.siveco.com\\\/de\\\/\"},{\"@type\":\"ListItem\",\"position\":2,\"name\":\"Wie Sie uns erreichen\"}]},{\"@type\":\"WebSite\",\"@id\":\"https:\\\/\\\/www.siveco.com\\\/de\\\/#website\",\"url\":\"https:\\\/\\\/www.siveco.com\\\/de\\\/\",\"name\":\"Siveco\",\"description\":\"Le sp\u00e9cialiste de la GMAO\",\"publisher\":{\"@id\":\"https:\\\/\\\/www.siveco.com\\\/de\\\/#organization\"},\"potentialAction\":[{\"@type\":\"SearchAction\",\"target\":{\"@type\":\"EntryPoint\",\"urlTemplate\":\"https:\\\/\\\/www.siveco.com\\\/de\\\/?s={search_term_string}\"},\"query-input\":{\"@type\":\"PropertyValueSpecification\",\"valueRequired\":true,\"valueName\":\"search_term_string\"}}],\"inLanguage\":\"de\"},{\"@type\":\"Organization\",\"@id\":\"https:\\\/\\\/www.siveco.com\\\/de\\\/#organization\",\"name\":\"Siveco\",\"url\":\"https:\\\/\\\/www.siveco.com\\\/de\\\/\",\"logo\":{\"@type\":\"ImageObject\",\"inLanguage\":\"de\",\"@id\":\"https:\\\/\\\/www.siveco.com\\\/de\\\/#\\\/schema\\\/logo\\\/image\\\/\",\"url\":\"https:\\\/\\\/www.siveco.com\\\/wp-content\\\/uploads\\\/2025\\\/02\\\/logo-siveco-white.png\",\"contentUrl\":\"https:\\\/\\\/www.siveco.com\\\/wp-content\\\/uploads\\\/2025\\\/02\\\/logo-siveco-white.png\",\"width\":1168,\"height\":481,\"caption\":\"Siveco\"},\"image\":{\"@id\":\"https:\\\/\\\/www.siveco.com\\\/de\\\/#\\\/schema\\\/logo\\\/image\\\/\"}}]}<\/script>\n<!-- \/ Yoast SEO plugin. -->","yoast_head_json":{"title":"Wie Sie uns erreichen - Siveco","robots":{"index":"index","follow":"follow","max-snippet":"max-snippet:-1","max-image-preview":"max-image-preview:large","max-video-preview":"max-video-preview:-1"},"canonical":"https:\/\/www.siveco.com\/de\/wie-sie-uns-erreichen\/","og_locale":"de_DE","og_type":"article","og_title":"Wie Sie uns erreichen - Siveco","og_description":"Entdecken Sie unsere Stellenangebote, bewerben Sie sich und kommen Sie zu uns! Im Rahmen ihres starken Wachstums stellt die Siveco Group Mitarbeiter in verschiedenen Fachbereichen ein.Sie sind Praktikant, Hochschulabsolvent oder erfahren? Wir k\u00f6nnen Ihnen helfen, Ihre Projekte zu verwirklichen und Ihnen echte Entwicklungsperspektiven bieten. Wenn Sie Teil eines \u00fcberschaubaren Teams werden m\u00f6chten, das jeden Mitarbeiter [&hellip;]","og_url":"https:\/\/www.siveco.com\/de\/wie-sie-uns-erreichen\/","og_site_name":"Siveco","article_modified_time":"2025-07-09T15:30:21+00:00","og_image":[{"width":1000,"height":355,"url":"https:\/\/www.siveco.com\/wp-content\/uploads\/2025\/04\/join-us.jpg","type":"image\/jpeg"}],"twitter_card":"summary_large_image","schema":{"@context":"https:\/\/schema.org","@graph":[{"@type":"WebPage","@id":"https:\/\/www.siveco.com\/de\/wie-sie-uns-erreichen\/","url":"https:\/\/www.siveco.com\/de\/wie-sie-uns-erreichen\/","name":"Wie Sie uns erreichen - Siveco","isPartOf":{"@id":"https:\/\/www.siveco.com\/de\/#website"},"primaryImageOfPage":{"@id":"https:\/\/www.siveco.com\/de\/wie-sie-uns-erreichen\/#primaryimage"},"image":{"@id":"https:\/\/www.siveco.com\/de\/wie-sie-uns-erreichen\/#primaryimage"},"thumbnailUrl":"https:\/\/www.siveco.com\/wp-content\/uploads\/2025\/04\/join-us.jpg","datePublished":"2025-02-18T13:02:42+00:00","dateModified":"2025-07-09T15:30:21+00:00","breadcrumb":{"@id":"https:\/\/www.siveco.com\/de\/wie-sie-uns-erreichen\/#breadcrumb"},"inLanguage":"de","potentialAction":[{"@type":"ReadAction","target":["https:\/\/www.siveco.com\/de\/wie-sie-uns-erreichen\/"]}]},{"@type":"ImageObject","inLanguage":"de","@id":"https:\/\/www.siveco.com\/de\/wie-sie-uns-erreichen\/#primaryimage","url":"https:\/\/www.siveco.com\/wp-content\/uploads\/2025\/04\/join-us.jpg","contentUrl":"https:\/\/www.siveco.com\/wp-content\/uploads\/2025\/04\/join-us.jpg","width":1000,"height":355,"caption":"Nous rejoindre"},{"@type":"BreadcrumbList","@id":"https:\/\/www.siveco.com\/de\/wie-sie-uns-erreichen\/#breadcrumb","itemListElement":[{"@type":"ListItem","position":1,"name":"Accueil","item":"https:\/\/www.siveco.com\/de\/"},{"@type":"ListItem","position":2,"name":"Wie Sie uns erreichen"}]},{"@type":"WebSite","@id":"https:\/\/www.siveco.com\/de\/#website","url":"https:\/\/www.siveco.com\/de\/","name":"Siveco","description":"Le sp\u00e9cialiste de la GMAO","publisher":{"@id":"https:\/\/www.siveco.com\/de\/#organization"},"potentialAction":[{"@type":"SearchAction","target":{"@type":"EntryPoint","urlTemplate":"https:\/\/www.siveco.com\/de\/?s={search_term_string}"},"query-input":{"@type":"PropertyValueSpecification","valueRequired":true,"valueName":"search_term_string"}}],"inLanguage":"de"},{"@type":"Organization","@id":"https:\/\/www.siveco.com\/de\/#organization","name":"Siveco","url":"https:\/\/www.siveco.com\/de\/","logo":{"@type":"ImageObject","inLanguage":"de","@id":"https:\/\/www.siveco.com\/de\/#\/schema\/logo\/image\/","url":"https:\/\/www.siveco.com\/wp-content\/uploads\/2025\/02\/logo-siveco-white.png","contentUrl":"https:\/\/www.siveco.com\/wp-content\/uploads\/2025\/02\/logo-siveco-white.png","width":1168,"height":481,"caption":"Siveco"},"image":{"@id":"https:\/\/www.siveco.com\/de\/#\/schema\/logo\/image\/"}}]}},"_links":{"self":[{"href":"https:\/\/www.siveco.com\/de\/wp-json\/wp\/v2\/pages\/13593","targetHints":{"allow":["GET"]}}],"collection":[{"href":"https:\/\/www.siveco.com\/de\/wp-json\/wp\/v2\/pages"}],"about":[{"href":"https:\/\/www.siveco.com\/de\/wp-json\/wp\/v2\/types\/page"}],"author":[{"embeddable":true,"href":"https:\/\/www.siveco.com\/de\/wp-json\/wp\/v2\/users\/1"}],"replies":[{"embeddable":true,"href":"https:\/\/www.siveco.com\/de\/wp-json\/wp\/v2\/comments?post=13593"}],"version-history":[{"count":2,"href":"https:\/\/www.siveco.com\/de\/wp-json\/wp\/v2\/pages\/13593\/revisions"}],"predecessor-version":[{"id":13595,"href":"https:\/\/www.siveco.com\/de\/wp-json\/wp\/v2\/pages\/13593\/revisions\/13595"}],"wp:featuredmedia":[{"embeddable":true,"href":"https:\/\/www.siveco.com\/de\/wp-json\/wp\/v2\/media\/6109"}],"wp:attachment":[{"href":"https:\/\/www.siveco.com\/de\/wp-json\/wp\/v2\/media?parent=13593"}],"curies":[{"name":"wp","href":"https:\/\/api.w.org\/{rel}","templated":true}]}}