 {"id":13848,"date":"2025-02-18T17:40:13","date_gmt":"2025-02-18T17:40:13","guid":{"rendered":"https:\/\/www.siveco.com\/rechtliche-hinweise\/"},"modified":"2025-09-23T08:08:23","modified_gmt":"2025-09-23T08:08:23","slug":"rechtliche-hinweise","status":"publish","type":"page","link":"https:\/\/www.siveco.com\/de\/rechtliche-hinweise\/","title":{"rendered":"Rechtliche Hinweise"},"content":{"rendered":"\t\t<div data-elementor-type=\"wp-page\" data-elementor-id=\"13848\" class=\"elementor elementor-13848 elementor-520\" data-elementor-post-type=\"page\">\n\t\t\t\t<div class=\"elementor-element elementor-element-6c32866 e-flex e-con-boxed e-con e-parent\" data-id=\"6c32866\" data-element_type=\"container\" data-e-type=\"container\" data-settings=\"{&quot;jet_parallax_layout_list&quot;:[]}\">\n\t\t\t\t\t<div class=\"e-con-inner\">\n\t\t\t\t<div class=\"elementor-element elementor-element-8e130e3 elementor-widget elementor-widget-text-editor\" data-id=\"8e130e3\" data-element_type=\"widget\" data-e-type=\"widget\" data-widget_type=\"text-editor.default\">\n\t\t\t\t<div class=\"elementor-widget-container\">\n\t\t\t\t\t\t\t\t\t<h2>Eigentum der Website<\/h2><p>Siveco Group<br>10-14, rue Jo\u00ebl le Theule<br>78180 Montigny-le-Bretonneux &#8211; Frankreich<br>Tel.: +33 1 30 45 98 80<\/p><p>SA mit einem Kapital von 2.580.638,52 Euro<br>Handelsregister: Versailles B 334 983 087<br>Umsatzsteuer-Identifikationsnummer: FR76334983087<\/p><p>Konzeption, Entwicklung, grafische Gestaltung und Suchmaschinenoptimierung durch <a href=\"https:\/\/www.pulsar-agency.com\" target=\"_blank\" rel=\"noopener\">Pulsar<\/a><\/p><p>Hosting: dedizierter Server bei OVH<\/p><p>Verwendete Software: WordPress<\/p><h2>Rechtlicher Rahmen CNIL und DSGVO<\/h2><p>Die gesammelten Informationen werden zur Bearbeitung Ihrer Anfrage elektronisch verarbeitet. Der Empf\u00e4nger der Daten ist der Herausgeber der Website. Gem\u00e4\u00df dem franz\u00f6sischen Datenschutzgesetz \u201eInformatique et Libert\u00e9s\u201d vom 6. Januar 1978, ge\u00e4ndert 2004 und 2018 durch die DSGVO (Datenschutz-Grundverordnung), haben Sie ein Recht auf Zugang und Berichtigung der Sie betreffenden Daten, das Sie durch Kontaktaufnahme mit dem Herausgeber der Website aus\u00fcben k\u00f6nnen. Sie k\u00f6nnen sich aus legitimen Gr\u00fcnden auch der Verarbeitung Ihrer Daten widersetzen.    Um die Bedingungen f\u00fcr die Verarbeitung personenbezogener Daten einzusehen, <a href=\"https:\/\/www.siveco.com\/de\/informationsblatt-ueber-die-verarbeitung-personenbezogener-daten\/\">klicken Sie bitte hier.<\/a><\/p><h2>Verwendung von Cookies<\/h2><p>Bei Ihrem Besuch auf unserer Website k\u00f6nnen ein oder mehrere Cookies (kleine Textdateien) auf der Festplatte Ihres Computers gespeichert werden. Diese Cookies dienen insbesondere dazu, das reibungslose Funktionieren der globalen Navigationsketten zu gew\u00e4hrleisten und Ihren Zugriff auf unsere Website ganz oder teilweise zu personalisieren. Sie haben die M\u00f6glichkeit, die w\u00e4hrend Ihres Besuchs auf unserer Website installierten Cookies \u00fcber die Symbolleiste Ihres Browsers zu l\u00f6schen. Das L\u00f6schen der Cookies muss erfolgen, sobald Sie den Besuch der Website beendet haben. Wir weisen Sie darauf hin, dass die Nutzung unserer Website und der darauf angebotenen Dienste dadurch gest\u00f6rt oder sogar verhindert werden kann. Die Dauer der Speicherung der Einwilligung f\u00fcr Cookies ist auf 13 Monate begrenzt. Die von Google Analytics gespeicherten Daten werden m\u00f6glicherweise an Google US weitergeleitet, und die Folgenabsch\u00e4tzung wurde von Google Europe durchgef\u00fchrt.      <\/p><p>Die obligatorische und ausdr\u00fcckliche Zustimmung des Internetnutzers f\u00fcr alle auf der Website genutzten Dienste wie Google Analytics, Adsense, Adwords, Teilen in sozialen Netzwerken usw. hat keine G\u00fcltigkeitsbeschr\u00e4nkung.<\/p>\t\t\t\t\t\t\t\t<\/div>\n\t\t\t\t<\/div>\n\t\t\t\t\t<\/div>\n\t\t\t\t<\/div>\n\t\t\t\t<\/div>\n\t\t","protected":false},"excerpt":{"rendered":"<p>Eigentum der Website Siveco Group10-14, rue Jo\u00ebl le Theule78180 Montigny-le-Bretonneux &#8211; FrankreichTel.: +33 1 30 45 98 80 SA mit einem Kapital von 2.580.638,52 EuroHandelsregister: Versailles B 334 983 087Umsatzsteuer-Identifikationsnummer: FR76334983087 Konzeption, Entwicklung, grafische Gestaltung und Suchmaschinenoptimierung durch Pulsar Hosting: dedizierter Server bei OVH Verwendete Software: WordPress Rechtlicher Rahmen CNIL und DSGVO Die gesammelten Informationen [&hellip;]<\/p>\n","protected":false},"author":1,"featured_media":0,"parent":0,"menu_order":0,"comment_status":"closed","ping_status":"closed","template":"","meta":{"footnotes":""},"class_list":["post-13848","page","type-page","status-publish","hentry"],"yoast_head":"<!-- This site is optimized with the Yoast SEO plugin v27.3 - https:\/\/yoast.com\/product\/yoast-seo-wordpress\/ -->\n<title>Rechtliche Hinweise - Siveco<\/title>\n<meta name=\"robots\" content=\"index, follow, max-snippet:-1, max-image-preview:large, max-video-preview:-1\" \/>\n<link rel=\"canonical\" href=\"https:\/\/www.siveco.com\/de\/rechtliche-hinweise\/\" \/>\n<meta property=\"og:locale\" content=\"de_DE\" \/>\n<meta property=\"og:type\" content=\"article\" \/>\n<meta property=\"og:title\" content=\"Rechtliche Hinweise - Siveco\" \/>\n<meta property=\"og:description\" content=\"Eigentum der Website Siveco Group10-14, rue Jo\u00ebl le Theule78180 Montigny-le-Bretonneux &#8211; FrankreichTel.: +33 1 30 45 98 80 SA mit einem Kapital von 2.580.638,52 EuroHandelsregister: Versailles B 334 983 087Umsatzsteuer-Identifikationsnummer: FR76334983087 Konzeption, Entwicklung, grafische Gestaltung und Suchmaschinenoptimierung durch Pulsar Hosting: dedizierter Server bei OVH Verwendete Software: WordPress Rechtlicher Rahmen CNIL und DSGVO Die gesammelten Informationen [&hellip;]\" \/>\n<meta property=\"og:url\" content=\"https:\/\/www.siveco.com\/de\/rechtliche-hinweise\/\" \/>\n<meta property=\"og:site_name\" content=\"Siveco\" \/>\n<meta property=\"article:modified_time\" content=\"2025-09-23T08:08:23+00:00\" \/>\n<meta name=\"twitter:card\" content=\"summary_large_image\" \/>\n<meta name=\"twitter:label1\" content=\"Gesch\u00e4tzte Lesezeit\" \/>\n\t<meta name=\"twitter:data1\" content=\"2\u00a0Minuten\" \/>\n<script type=\"application\/ld+json\" class=\"yoast-schema-graph\">{\"@context\":\"https:\\\/\\\/schema.org\",\"@graph\":[{\"@type\":\"WebPage\",\"@id\":\"https:\\\/\\\/www.siveco.com\\\/de\\\/rechtliche-hinweise\\\/\",\"url\":\"https:\\\/\\\/www.siveco.com\\\/de\\\/rechtliche-hinweise\\\/\",\"name\":\"Rechtliche Hinweise - Siveco\",\"isPartOf\":{\"@id\":\"https:\\\/\\\/www.siveco.com\\\/de\\\/#website\"},\"datePublished\":\"2025-02-18T17:40:13+00:00\",\"dateModified\":\"2025-09-23T08:08:23+00:00\",\"breadcrumb\":{\"@id\":\"https:\\\/\\\/www.siveco.com\\\/de\\\/rechtliche-hinweise\\\/#breadcrumb\"},\"inLanguage\":\"de\",\"potentialAction\":[{\"@type\":\"ReadAction\",\"target\":[\"https:\\\/\\\/www.siveco.com\\\/de\\\/rechtliche-hinweise\\\/\"]}]},{\"@type\":\"BreadcrumbList\",\"@id\":\"https:\\\/\\\/www.siveco.com\\\/de\\\/rechtliche-hinweise\\\/#breadcrumb\",\"itemListElement\":[{\"@type\":\"ListItem\",\"position\":1,\"name\":\"Accueil\",\"item\":\"https:\\\/\\\/www.siveco.com\\\/de\\\/\"},{\"@type\":\"ListItem\",\"position\":2,\"name\":\"Rechtliche Hinweise\"}]},{\"@type\":\"WebSite\",\"@id\":\"https:\\\/\\\/www.siveco.com\\\/de\\\/#website\",\"url\":\"https:\\\/\\\/www.siveco.com\\\/de\\\/\",\"name\":\"Siveco\",\"description\":\"Le sp\u00e9cialiste de la GMAO\",\"publisher\":{\"@id\":\"https:\\\/\\\/www.siveco.com\\\/de\\\/#organization\"},\"potentialAction\":[{\"@type\":\"SearchAction\",\"target\":{\"@type\":\"EntryPoint\",\"urlTemplate\":\"https:\\\/\\\/www.siveco.com\\\/de\\\/?s={search_term_string}\"},\"query-input\":{\"@type\":\"PropertyValueSpecification\",\"valueRequired\":true,\"valueName\":\"search_term_string\"}}],\"inLanguage\":\"de\"},{\"@type\":\"Organization\",\"@id\":\"https:\\\/\\\/www.siveco.com\\\/de\\\/#organization\",\"name\":\"Siveco\",\"url\":\"https:\\\/\\\/www.siveco.com\\\/de\\\/\",\"logo\":{\"@type\":\"ImageObject\",\"inLanguage\":\"de\",\"@id\":\"https:\\\/\\\/www.siveco.com\\\/de\\\/#\\\/schema\\\/logo\\\/image\\\/\",\"url\":\"https:\\\/\\\/www.siveco.com\\\/wp-content\\\/uploads\\\/2025\\\/02\\\/logo-siveco-white.png\",\"contentUrl\":\"https:\\\/\\\/www.siveco.com\\\/wp-content\\\/uploads\\\/2025\\\/02\\\/logo-siveco-white.png\",\"width\":1168,\"height\":481,\"caption\":\"Siveco\"},\"image\":{\"@id\":\"https:\\\/\\\/www.siveco.com\\\/de\\\/#\\\/schema\\\/logo\\\/image\\\/\"}}]}<\/script>\n<!-- \/ Yoast SEO plugin. -->","yoast_head_json":{"title":"Rechtliche Hinweise - Siveco","robots":{"index":"index","follow":"follow","max-snippet":"max-snippet:-1","max-image-preview":"max-image-preview:large","max-video-preview":"max-video-preview:-1"},"canonical":"https:\/\/www.siveco.com\/de\/rechtliche-hinweise\/","og_locale":"de_DE","og_type":"article","og_title":"Rechtliche Hinweise - Siveco","og_description":"Eigentum der Website Siveco Group10-14, rue Jo\u00ebl le Theule78180 Montigny-le-Bretonneux &#8211; FrankreichTel.: +33 1 30 45 98 80 SA mit einem Kapital von 2.580.638,52 EuroHandelsregister: Versailles B 334 983 087Umsatzsteuer-Identifikationsnummer: FR76334983087 Konzeption, Entwicklung, grafische Gestaltung und Suchmaschinenoptimierung durch Pulsar Hosting: dedizierter Server bei OVH Verwendete Software: WordPress Rechtlicher Rahmen CNIL und DSGVO Die gesammelten Informationen [&hellip;]","og_url":"https:\/\/www.siveco.com\/de\/rechtliche-hinweise\/","og_site_name":"Siveco","article_modified_time":"2025-09-23T08:08:23+00:00","twitter_card":"summary_large_image","twitter_misc":{"Gesch\u00e4tzte Lesezeit":"2\u00a0Minuten"},"schema":{"@context":"https:\/\/schema.org","@graph":[{"@type":"WebPage","@id":"https:\/\/www.siveco.com\/de\/rechtliche-hinweise\/","url":"https:\/\/www.siveco.com\/de\/rechtliche-hinweise\/","name":"Rechtliche Hinweise - Siveco","isPartOf":{"@id":"https:\/\/www.siveco.com\/de\/#website"},"datePublished":"2025-02-18T17:40:13+00:00","dateModified":"2025-09-23T08:08:23+00:00","breadcrumb":{"@id":"https:\/\/www.siveco.com\/de\/rechtliche-hinweise\/#breadcrumb"},"inLanguage":"de","potentialAction":[{"@type":"ReadAction","target":["https:\/\/www.siveco.com\/de\/rechtliche-hinweise\/"]}]},{"@type":"BreadcrumbList","@id":"https:\/\/www.siveco.com\/de\/rechtliche-hinweise\/#breadcrumb","itemListElement":[{"@type":"ListItem","position":1,"name":"Accueil","item":"https:\/\/www.siveco.com\/de\/"},{"@type":"ListItem","position":2,"name":"Rechtliche Hinweise"}]},{"@type":"WebSite","@id":"https:\/\/www.siveco.com\/de\/#website","url":"https:\/\/www.siveco.com\/de\/","name":"Siveco","description":"Le sp\u00e9cialiste de la GMAO","publisher":{"@id":"https:\/\/www.siveco.com\/de\/#organization"},"potentialAction":[{"@type":"SearchAction","target":{"@type":"EntryPoint","urlTemplate":"https:\/\/www.siveco.com\/de\/?s={search_term_string}"},"query-input":{"@type":"PropertyValueSpecification","valueRequired":true,"valueName":"search_term_string"}}],"inLanguage":"de"},{"@type":"Organization","@id":"https:\/\/www.siveco.com\/de\/#organization","name":"Siveco","url":"https:\/\/www.siveco.com\/de\/","logo":{"@type":"ImageObject","inLanguage":"de","@id":"https:\/\/www.siveco.com\/de\/#\/schema\/logo\/image\/","url":"https:\/\/www.siveco.com\/wp-content\/uploads\/2025\/02\/logo-siveco-white.png","contentUrl":"https:\/\/www.siveco.com\/wp-content\/uploads\/2025\/02\/logo-siveco-white.png","width":1168,"height":481,"caption":"Siveco"},"image":{"@id":"https:\/\/www.siveco.com\/de\/#\/schema\/logo\/image\/"}}]}},"_links":{"self":[{"href":"https:\/\/www.siveco.com\/de\/wp-json\/wp\/v2\/pages\/13848","targetHints":{"allow":["GET"]}}],"collection":[{"href":"https:\/\/www.siveco.com\/de\/wp-json\/wp\/v2\/pages"}],"about":[{"href":"https:\/\/www.siveco.com\/de\/wp-json\/wp\/v2\/types\/page"}],"author":[{"embeddable":true,"href":"https:\/\/www.siveco.com\/de\/wp-json\/wp\/v2\/users\/1"}],"replies":[{"embeddable":true,"href":"https:\/\/www.siveco.com\/de\/wp-json\/wp\/v2\/comments?post=13848"}],"version-history":[{"count":4,"href":"https:\/\/www.siveco.com\/de\/wp-json\/wp\/v2\/pages\/13848\/revisions"}],"predecessor-version":[{"id":16924,"href":"https:\/\/www.siveco.com\/de\/wp-json\/wp\/v2\/pages\/13848\/revisions\/16924"}],"wp:attachment":[{"href":"https:\/\/www.siveco.com\/de\/wp-json\/wp\/v2\/media?parent=13848"}],"curies":[{"name":"wp","href":"https:\/\/api.w.org\/{rel}","templated":true}]}}