 {"id":14886,"date":"2025-07-22T14:37:15","date_gmt":"2025-07-22T14:37:15","guid":{"rendered":"https:\/\/www.siveco.com\/download\/"},"modified":"2025-08-19T12:14:07","modified_gmt":"2025-08-19T12:14:07","slug":"download","status":"publish","type":"page","link":"https:\/\/www.siveco.com\/en\/download\/","title":{"rendered":"Download"},"content":{"rendered":"\t\t<div data-elementor-type=\"wp-page\" data-elementor-id=\"14886\" class=\"elementor elementor-14886\" data-elementor-post-type=\"page\">\n\t\t\t\t<div class=\"elementor-element elementor-element-4b152a3 e-flex e-con-boxed e-con e-parent\" data-id=\"4b152a3\" data-element_type=\"container\" data-e-type=\"container\" data-settings=\"{&quot;jet_parallax_layout_list&quot;:[]}\">\n\t\t\t\t\t<div class=\"e-con-inner\">\n\t\t\t\t<div class=\"elementor-element elementor-element-78b9116 elementor-widget elementor-widget-tablepress-table\" data-id=\"78b9116\" data-element_type=\"widget\" data-e-type=\"widget\" data-widget_type=\"tablepress-table.default\">\n\t\t\t\t\t\n<table id=\"tablepress-21\" class=\"tablepress tablepress-id-21\">\n<thead>\n<tr class=\"row-1\">\n\t<th class=\"column-1\">Version Coswin<\/th><th class=\"column-2\">BIMserver <\/th><th class=\"column-3\">Proc\u00e9dures <\/th>\n<\/tr>\n<\/thead>\n<tbody class=\"row-striping row-hover\">\n<tr class=\"row-2\">\n\t<td class=\"column-1\"><\/td><td class=\"column-2\"><\/td><td class=\"column-3\"><\/td>\n<\/tr>\n<tr class=\"row-3\">\n\t<td class=\"column-1\">Coswin 8i.12 Oracle<\/td><td class=\"column-2\">BIMserver 1.5.182 (623 Mo)<\/td><td class=\"column-3\">T\u00e9l\u00e9charger Installation de BIMserver 1.5.182 (1,1\u00a0Mo)<\/td>\n<\/tr>\n<tr class=\"row-4\">\n\t<td class=\"column-1\"><\/td><td class=\"column-2\"><\/td><td class=\"column-3\">T\u00e9l\u00e9charger Mise \u00e0 jour de BIMserver 1.5.157 vers 1.5.182 (1,4\u00a0Mo)<\/td>\n<\/tr>\n<tr class=\"row-5\">\n\t<td class=\"column-1\"><\/td><td class=\"column-2\"><\/td><td class=\"column-3\">T\u00e9l\u00e9charger Mise \u00e0 jour de BIMserver 1.5.90 vers 1.5.182 (1,4\u00a0Mo)<\/td>\n<\/tr>\n<\/tbody>\n<\/table>\n<!-- #tablepress-21 from cache -->\t\t\t\t<\/div>\n\t\t\t\t\t<\/div>\n\t\t\t\t<\/div>\n\t\t\t\t<\/div>\n\t\t","protected":false},"excerpt":{"rendered":"<p>Modifier Version Coswin Patch mini version nomad JDK Coswin 8i,12 Oracle 10\/25\/2024 v35 6\/24\/2025 17 &#8211; v34 6\/25\/2025 v33 6\/26\/2025 Coswin 8i,12 SQL Server 7\/4\/2025 v35 6\/27\/2025 v34n 6\/28\/2025<\/p>\n","protected":false},"author":6,"featured_media":0,"parent":0,"menu_order":0,"comment_status":"closed","ping_status":"closed","template":"","meta":{"footnotes":""},"class_list":["post-14886","page","type-page","status-publish","hentry"],"yoast_head":"<!-- This site is optimized with the Yoast SEO plugin v27.3 - https:\/\/yoast.com\/product\/yoast-seo-wordpress\/ -->\n<title>Download - Siveco<\/title>\n<meta name=\"robots\" content=\"index, follow, max-snippet:-1, max-image-preview:large, max-video-preview:-1\" \/>\n<link rel=\"canonical\" href=\"https:\/\/www.siveco.com\/en\/download\/\" \/>\n<meta property=\"og:locale\" content=\"en_US\" \/>\n<meta property=\"og:type\" content=\"article\" \/>\n<meta property=\"og:title\" content=\"Download - Siveco\" \/>\n<meta property=\"og:description\" content=\"Modifier Version Coswin Patch mini version nomad JDK Coswin 8i,12 Oracle 10\/25\/2024 v35 6\/24\/2025 17 &#8211; v34 6\/25\/2025 v33 6\/26\/2025 Coswin 8i,12 SQL Server 7\/4\/2025 v35 6\/27\/2025 v34n 6\/28\/2025\" \/>\n<meta property=\"og:url\" content=\"https:\/\/www.siveco.com\/en\/download\/\" \/>\n<meta property=\"og:site_name\" content=\"Siveco\" \/>\n<meta property=\"article:modified_time\" content=\"2025-08-19T12:14:07+00:00\" \/>\n<meta name=\"twitter:card\" content=\"summary_large_image\" \/>\n<script type=\"application\/ld+json\" class=\"yoast-schema-graph\">{\"@context\":\"https:\\\/\\\/schema.org\",\"@graph\":[{\"@type\":\"WebPage\",\"@id\":\"https:\\\/\\\/www.siveco.com\\\/en\\\/download\\\/\",\"url\":\"https:\\\/\\\/www.siveco.com\\\/en\\\/download\\\/\",\"name\":\"Download - Siveco\",\"isPartOf\":{\"@id\":\"https:\\\/\\\/www.siveco.com\\\/en\\\/#website\"},\"datePublished\":\"2025-07-22T14:37:15+00:00\",\"dateModified\":\"2025-08-19T12:14:07+00:00\",\"breadcrumb\":{\"@id\":\"https:\\\/\\\/www.siveco.com\\\/en\\\/download\\\/#breadcrumb\"},\"inLanguage\":\"en-US\",\"potentialAction\":[{\"@type\":\"ReadAction\",\"target\":[\"https:\\\/\\\/www.siveco.com\\\/en\\\/download\\\/\"]}]},{\"@type\":\"BreadcrumbList\",\"@id\":\"https:\\\/\\\/www.siveco.com\\\/en\\\/download\\\/#breadcrumb\",\"itemListElement\":[{\"@type\":\"ListItem\",\"position\":1,\"name\":\"Accueil\",\"item\":\"https:\\\/\\\/www.siveco.com\\\/en\\\/\"},{\"@type\":\"ListItem\",\"position\":2,\"name\":\"Download\"}]},{\"@type\":\"WebSite\",\"@id\":\"https:\\\/\\\/www.siveco.com\\\/en\\\/#website\",\"url\":\"https:\\\/\\\/www.siveco.com\\\/en\\\/\",\"name\":\"Siveco\",\"description\":\"Le sp\u00e9cialiste de la GMAO\",\"publisher\":{\"@id\":\"https:\\\/\\\/www.siveco.com\\\/en\\\/#organization\"},\"potentialAction\":[{\"@type\":\"SearchAction\",\"target\":{\"@type\":\"EntryPoint\",\"urlTemplate\":\"https:\\\/\\\/www.siveco.com\\\/en\\\/?s={search_term_string}\"},\"query-input\":{\"@type\":\"PropertyValueSpecification\",\"valueRequired\":true,\"valueName\":\"search_term_string\"}}],\"inLanguage\":\"en-US\"},{\"@type\":\"Organization\",\"@id\":\"https:\\\/\\\/www.siveco.com\\\/en\\\/#organization\",\"name\":\"Siveco\",\"url\":\"https:\\\/\\\/www.siveco.com\\\/en\\\/\",\"logo\":{\"@type\":\"ImageObject\",\"inLanguage\":\"en-US\",\"@id\":\"https:\\\/\\\/www.siveco.com\\\/en\\\/#\\\/schema\\\/logo\\\/image\\\/\",\"url\":\"https:\\\/\\\/www.siveco.com\\\/wp-content\\\/uploads\\\/2025\\\/02\\\/logo-siveco-white.png\",\"contentUrl\":\"https:\\\/\\\/www.siveco.com\\\/wp-content\\\/uploads\\\/2025\\\/02\\\/logo-siveco-white.png\",\"width\":1168,\"height\":481,\"caption\":\"Siveco\"},\"image\":{\"@id\":\"https:\\\/\\\/www.siveco.com\\\/en\\\/#\\\/schema\\\/logo\\\/image\\\/\"}}]}<\/script>\n<!-- \/ Yoast SEO plugin. -->","yoast_head_json":{"title":"Download - Siveco","robots":{"index":"index","follow":"follow","max-snippet":"max-snippet:-1","max-image-preview":"max-image-preview:large","max-video-preview":"max-video-preview:-1"},"canonical":"https:\/\/www.siveco.com\/en\/download\/","og_locale":"en_US","og_type":"article","og_title":"Download - Siveco","og_description":"Modifier Version Coswin Patch mini version nomad JDK Coswin 8i,12 Oracle 10\/25\/2024 v35 6\/24\/2025 17 &#8211; v34 6\/25\/2025 v33 6\/26\/2025 Coswin 8i,12 SQL Server 7\/4\/2025 v35 6\/27\/2025 v34n 6\/28\/2025","og_url":"https:\/\/www.siveco.com\/en\/download\/","og_site_name":"Siveco","article_modified_time":"2025-08-19T12:14:07+00:00","twitter_card":"summary_large_image","schema":{"@context":"https:\/\/schema.org","@graph":[{"@type":"WebPage","@id":"https:\/\/www.siveco.com\/en\/download\/","url":"https:\/\/www.siveco.com\/en\/download\/","name":"Download - Siveco","isPartOf":{"@id":"https:\/\/www.siveco.com\/en\/#website"},"datePublished":"2025-07-22T14:37:15+00:00","dateModified":"2025-08-19T12:14:07+00:00","breadcrumb":{"@id":"https:\/\/www.siveco.com\/en\/download\/#breadcrumb"},"inLanguage":"en-US","potentialAction":[{"@type":"ReadAction","target":["https:\/\/www.siveco.com\/en\/download\/"]}]},{"@type":"BreadcrumbList","@id":"https:\/\/www.siveco.com\/en\/download\/#breadcrumb","itemListElement":[{"@type":"ListItem","position":1,"name":"Accueil","item":"https:\/\/www.siveco.com\/en\/"},{"@type":"ListItem","position":2,"name":"Download"}]},{"@type":"WebSite","@id":"https:\/\/www.siveco.com\/en\/#website","url":"https:\/\/www.siveco.com\/en\/","name":"Siveco","description":"Le sp\u00e9cialiste de la GMAO","publisher":{"@id":"https:\/\/www.siveco.com\/en\/#organization"},"potentialAction":[{"@type":"SearchAction","target":{"@type":"EntryPoint","urlTemplate":"https:\/\/www.siveco.com\/en\/?s={search_term_string}"},"query-input":{"@type":"PropertyValueSpecification","valueRequired":true,"valueName":"search_term_string"}}],"inLanguage":"en-US"},{"@type":"Organization","@id":"https:\/\/www.siveco.com\/en\/#organization","name":"Siveco","url":"https:\/\/www.siveco.com\/en\/","logo":{"@type":"ImageObject","inLanguage":"en-US","@id":"https:\/\/www.siveco.com\/en\/#\/schema\/logo\/image\/","url":"https:\/\/www.siveco.com\/wp-content\/uploads\/2025\/02\/logo-siveco-white.png","contentUrl":"https:\/\/www.siveco.com\/wp-content\/uploads\/2025\/02\/logo-siveco-white.png","width":1168,"height":481,"caption":"Siveco"},"image":{"@id":"https:\/\/www.siveco.com\/en\/#\/schema\/logo\/image\/"}}]}},"_links":{"self":[{"href":"https:\/\/www.siveco.com\/en\/wp-json\/wp\/v2\/pages\/14886","targetHints":{"allow":["GET"]}}],"collection":[{"href":"https:\/\/www.siveco.com\/en\/wp-json\/wp\/v2\/pages"}],"about":[{"href":"https:\/\/www.siveco.com\/en\/wp-json\/wp\/v2\/types\/page"}],"author":[{"embeddable":true,"href":"https:\/\/www.siveco.com\/en\/wp-json\/wp\/v2\/users\/6"}],"replies":[{"embeddable":true,"href":"https:\/\/www.siveco.com\/en\/wp-json\/wp\/v2\/comments?post=14886"}],"version-history":[{"count":1,"href":"https:\/\/www.siveco.com\/en\/wp-json\/wp\/v2\/pages\/14886\/revisions"}],"predecessor-version":[{"id":14887,"href":"https:\/\/www.siveco.com\/en\/wp-json\/wp\/v2\/pages\/14886\/revisions\/14887"}],"wp:attachment":[{"href":"https:\/\/www.siveco.com\/en\/wp-json\/wp\/v2\/media?parent=14886"}],"curies":[{"name":"wp","href":"https:\/\/api.w.org\/{rel}","templated":true}]}}