 {"id":13581,"date":"2025-02-18T13:02:03","date_gmt":"2025-02-18T13:02:03","guid":{"rendered":"https:\/\/www.siveco.com\/sobre-nos\/visao-e-valores\/"},"modified":"2026-02-02T08:18:46","modified_gmt":"2026-02-02T08:18:46","slug":"visao-e-valores","status":"publish","type":"page","link":"https:\/\/www.siveco.com\/pt-br\/visao-e-valores\/","title":{"rendered":"Vis\u00e3o e valores"},"content":{"rendered":"\t\t<div data-elementor-type=\"wp-page\" data-elementor-id=\"13581\" class=\"elementor elementor-13581 elementor-423\" data-elementor-post-type=\"page\">\n\t\t\t\t<div class=\"elementor-element elementor-element-12dad847 e-flex e-con-boxed e-con e-parent\" data-id=\"12dad847\" data-element_type=\"container\" data-e-type=\"container\" data-settings=\"{&quot;jet_parallax_layout_list&quot;:[]}\">\n\t\t\t\t\t<div class=\"e-con-inner\">\n\t\t<div class=\"elementor-element elementor-element-5af0c089 e-con-full e-flex e-con e-child\" data-id=\"5af0c089\" data-element_type=\"container\" data-e-type=\"container\" data-settings=\"{&quot;jet_parallax_layout_list&quot;:[]}\">\n\t\t\t\t<div class=\"elementor-element elementor-element-239a5e1d elementor-widget elementor-widget-text-editor\" data-id=\"239a5e1d\" data-element_type=\"widget\" data-e-type=\"widget\" data-widget_type=\"text-editor.default\">\n\t\t\t\t<div class=\"elementor-widget-container\">\n\t\t\t\t\t\t\t\t\t<p>Todos os dias, as equipes do Grupo Siveco trabalham para implementar, manter e desenvolver a abordagem de CSR da empresa, a fim de combinar o desempenho econ\u00f4mico, social e ambiental.<\/p>\t\t\t\t\t\t\t\t<\/div>\n\t\t\t\t<\/div>\n\t\t\t\t<\/div>\n\t\t<div class=\"elementor-element elementor-element-4f011272 e-con-full e-flex e-con e-child\" data-id=\"4f011272\" data-element_type=\"container\" data-e-type=\"container\" data-settings=\"{&quot;jet_parallax_layout_list&quot;:[]}\">\n\t\t\t\t<div class=\"elementor-element elementor-element-b4df67e elementor-widget-mobile__width-inherit elementor-widget elementor-widget-image\" data-id=\"b4df67e\" data-element_type=\"widget\" data-e-type=\"widget\" data-widget_type=\"image.default\">\n\t\t\t\t<div class=\"elementor-widget-container\">\n\t\t\t\t\t\t\t\t\t\t\t\t\t\t\t<img decoding=\"async\" src=\"https:\/\/www.siveco.com\/wp-content\/uploads\/2025\/06\/vision-et-valeurs-CARRE.jpg\" title=\"vision-et-valeurs-CARRE\" alt=\"vision-et-valeurs-CARRE\" loading=\"lazy\" \/>\t\t\t\t\t\t\t\t\t\t\t\t\t\t\t<\/div>\n\t\t\t\t<\/div>\n\t\t\t\t<\/div>\n\t\t\t\t\t<\/div>\n\t\t\t\t<\/div>\n\t\t<div class=\"elementor-element elementor-element-4271aa57 e-flex e-con-boxed e-con e-parent\" data-id=\"4271aa57\" data-element_type=\"container\" data-e-type=\"container\" data-settings=\"{&quot;jet_parallax_layout_list&quot;:[]}\">\n\t\t\t\t\t<div class=\"e-con-inner\">\n\t\t\t\t<div class=\"elementor-element elementor-element-550cf4d5 elementor-widget elementor-widget-heading\" data-id=\"550cf4d5\" data-element_type=\"widget\" data-e-type=\"widget\" data-widget_type=\"heading.default\">\n\t\t\t\t<div class=\"elementor-widget-container\">\n\t\t\t\t\t<h2 class=\"elementor-heading-title elementor-size-default\">Nossos valores e nossa raz\u00e3o de ser\n<\/h2>\t\t\t\t<\/div>\n\t\t\t\t<\/div>\n\t\t\t\t<div class=\"elementor-element elementor-element-638adfea elementor-widget elementor-widget-text-editor\" data-id=\"638adfea\" data-element_type=\"widget\" data-e-type=\"widget\" data-widget_type=\"text-editor.default\">\n\t\t\t\t<div class=\"elementor-widget-container\">\n\t\t\t\t\t\t\t\t\t<p>Inova\u00e7\u00e3o, desempenho, adaptabilidade e satisfa\u00e7\u00e3o do cliente s\u00e3o valores fundamentais para o nosso grupo.<\/p><ul><li> Garantimos que nossas solu\u00e7\u00f5es de software CMMS continuar\u00e3o a evoluir para acompanhar o ritmo dos novos usos.<\/li><li> Colocamos nosso conhecimento e experi\u00eancia a servi\u00e7o de voc\u00ea para garantir o sucesso do seu projeto.<\/li><li> Adaptamos nossos m\u00e9todos \u00e0 sua organiza\u00e7\u00e3o e ao seu neg\u00f3cio para ajudar voc\u00ea a atingir seus objetivos.<\/li><li>Sua satisfa\u00e7\u00e3o \u00e9 nossa prioridade. Temos o compromisso de apoiar voc\u00ea durante todo o seu projeto e depois dele. <\/li><\/ul>\t\t\t\t\t\t\t\t<\/div>\n\t\t\t\t<\/div>\n\t\t\t\t\t<\/div>\n\t\t\t\t<\/div>\n\t\t<div class=\"elementor-element elementor-element-3878d90e e-flex e-con-boxed e-con e-parent\" data-id=\"3878d90e\" data-element_type=\"container\" data-e-type=\"container\" data-settings=\"{&quot;jet_parallax_layout_list&quot;:[]}\">\n\t\t\t\t\t<div class=\"e-con-inner\">\n\t\t<div class=\"elementor-element elementor-element-1c5d3f05 e-flex e-con-boxed e-con e-child\" data-id=\"1c5d3f05\" data-element_type=\"container\" data-e-type=\"container\" data-settings=\"{&quot;background_background&quot;:&quot;classic&quot;,&quot;jet_parallax_layout_list&quot;:[]}\">\n\t\t\t\t\t<div class=\"e-con-inner\">\n\t\t\t\t<div class=\"elementor-element elementor-element-23b54424 elementor-position-left elementor-vertical-align-bottom elementor-widget elementor-widget-image-box\" data-id=\"23b54424\" data-element_type=\"widget\" data-e-type=\"widget\" data-widget_type=\"image-box.default\">\n\t\t\t\t<div class=\"elementor-widget-container\">\n\t\t\t\t\t<div class=\"elementor-image-box-wrapper\"><figure class=\"elementor-image-box-img\"><img loading=\"lazy\" decoding=\"async\" width=\"298\" height=\"196\" src=\"https:\/\/www.siveco.com\/wp-content\/uploads\/2025\/04\/temoignage.png\" class=\"attachment-full size-full wp-image-5354\" alt=\"\" \/><\/figure><div class=\"elementor-image-box-content\"><p class=\"elementor-image-box-description\">\"A certifica\u00e7\u00e3o ISO 9001 \u00e9 um marco importante no nosso compromisso com a melhoria cont\u00ednua. Continuamos determinados a fornecer aos nossos clientes solu\u00e7\u00f5es de CMMMS da mais alta qualidade, e este reconhecimento atesta os nossos esfor\u00e7os para garantir a excel\u00eancia em todas as etapas da nossa atividade.\"<\/p><\/div><\/div>\t\t\t\t<\/div>\n\t\t\t\t<\/div>\n\t\t\t\t<div class=\"elementor-element elementor-element-29c1dada elementor-position-left elementor-vertical-align-bottom elementor-widget elementor-widget-image-box\" data-id=\"29c1dada\" data-element_type=\"widget\" data-e-type=\"widget\" data-widget_type=\"image-box.default\">\n\t\t\t\t<div class=\"elementor-widget-container\">\n\t\t\t\t\t<div class=\"elementor-image-box-wrapper\"><figure class=\"elementor-image-box-img\"><img decoding=\"async\" src=\"https:\/\/www.siveco.com\/wp-content\/uploads\/2025\/06\/siveco_photo_cfichera.jpg\" title=\"siveco_photo_cfichera\" alt=\"siveco_photo_cfichera\" loading=\"lazy\" \/><\/figure><div class=\"elementor-image-box-content\"><h3 class=\"elementor-image-box-title\">Carlo FICHERA<\/h3><p class=\"elementor-image-box-description\">Presidente e diretor executivo do Siveco Group<\/p><\/div><\/div>\t\t\t\t<\/div>\n\t\t\t\t<\/div>\n\t\t\t\t\t<\/div>\n\t\t\t\t<\/div>\n\t\t\t\t\t<\/div>\n\t\t\t\t<\/div>\n\t\t<div class=\"elementor-element elementor-element-5c7756b0 e-flex e-con-boxed e-con e-parent\" data-id=\"5c7756b0\" data-element_type=\"container\" data-e-type=\"container\" data-settings=\"{&quot;jet_parallax_layout_list&quot;:[]}\">\n\t\t\t\t\t<div class=\"e-con-inner\">\n\t\t\t\t<div class=\"elementor-element elementor-element-552d5d94 elementor-widget elementor-widget-heading\" data-id=\"552d5d94\" data-element_type=\"widget\" data-e-type=\"widget\" data-widget_type=\"heading.default\">\n\t\t\t\t<div class=\"elementor-widget-container\">\n\t\t\t\t\t<h2 class=\"elementor-heading-title elementor-size-default\">Qualidade e certifica\u00e7\u00e3o<\/h2>\t\t\t\t<\/div>\n\t\t\t\t<\/div>\n\t\t\t\t<div class=\"elementor-element elementor-element-46ecad42 elementor-widget elementor-widget-text-editor\" data-id=\"46ecad42\" data-element_type=\"widget\" data-e-type=\"widget\" data-widget_type=\"text-editor.default\">\n\t\t\t\t<div class=\"elementor-widget-container\">\n\t\t\t\t\t\t\t\t\t<p>O Siveco Group iniciou uma iniciativa de qualidade h\u00e1 v\u00e1rios anos para otimizar as opera\u00e7\u00f5es e a experi\u00eancia da empresa.<\/p><p>Nosso sistema de gerenciamento de qualidade de alto desempenho, testado diariamente, nos permitiu obter as seguintes certifica\u00e7\u00f5es:<\/p><ul><li style=\"list-style-type: none;\"><ul><li><strong>ISO9001<\/strong> :O Siveco Group demonstrou sua capacidade de fornecer um servi\u00e7o em conformidade com as necessidades de seus clientes. <a href=\"https:\/\/www.iafcertsearch.org\/certified-entity\/ocwHgd8E5pDlsFQBxLNKnGGV\">Veja a certifica\u00e7\u00e3o<\/a><br><br><\/li><\/ul><\/li><\/ul><p>Todas essas a\u00e7\u00f5es s\u00e3o uma garantia de qualidade e sucesso para todos os nossos clientes. <\/p>\t\t\t\t\t\t\t\t<\/div>\n\t\t\t\t<\/div>\n\t\t\t\t\t<\/div>\n\t\t\t\t<\/div>\n\t\t<div class=\"elementor-element elementor-element-70fa47e2 e-flex e-con-boxed e-con e-parent\" data-id=\"70fa47e2\" data-element_type=\"container\" data-e-type=\"container\" data-settings=\"{&quot;jet_parallax_layout_list&quot;:[]}\">\n\t\t\t\t\t<div class=\"e-con-inner\">\n\t\t\t\t<div class=\"elementor-element elementor-element-37443ca5 elementor-position-left elementor-vertical-align-middle elementor-widget elementor-widget-image-box\" data-id=\"37443ca5\" data-element_type=\"widget\" data-e-type=\"widget\" data-widget_type=\"image-box.default\">\n\t\t\t\t<div class=\"elementor-widget-container\">\n\t\t\t\t\t<div class=\"elementor-image-box-wrapper\"><figure class=\"elementor-image-box-img\"><img loading=\"lazy\" decoding=\"async\" width=\"224\" height=\"224\" src=\"https:\/\/www.siveco.com\/wp-content\/uploads\/2025\/03\/know.png\" class=\"attachment-full size-full wp-image-3277\" alt=\"\" \/><\/figure><div class=\"elementor-image-box-content\"><h3 class=\"elementor-image-box-title\">Voc\u00ea sabia?<\/h3><p class=\"elementor-image-box-description\">Para 2024, 482 pessoas foram treinadas e o \u00edndice de satisfa\u00e7\u00e3o com o treinamento \u00e9 de 93,9%.  <\/p><\/div><\/div>\t\t\t\t<\/div>\n\t\t\t\t<\/div>\n\t\t\t\t\t<\/div>\n\t\t\t\t<\/div>\n\t\t<div class=\"elementor-element elementor-element-2818e0df e-flex e-con-boxed e-con e-parent\" data-id=\"2818e0df\" data-element_type=\"container\" data-e-type=\"container\" data-settings=\"{&quot;jet_parallax_layout_list&quot;:[]}\">\n\t\t\t\t\t<div class=\"e-con-inner\">\n\t\t<div class=\"elementor-element elementor-element-299cd3eb e-con-full e-flex e-con e-child\" data-id=\"299cd3eb\" data-element_type=\"container\" data-e-type=\"container\" data-settings=\"{&quot;jet_parallax_layout_list&quot;:[]}\">\n\t\t\t\t<div class=\"elementor-element elementor-element-32201305 elementor-widget elementor-widget-heading\" data-id=\"32201305\" data-element_type=\"widget\" data-e-type=\"widget\" data-widget_type=\"heading.default\">\n\t\t\t\t<div class=\"elementor-widget-container\">\n\t\t\t\t\t<h2 class=\"elementor-heading-title elementor-size-default\">Nossos compromissos<\/h2>\t\t\t\t<\/div>\n\t\t\t\t<\/div>\n\t\t\t\t<div class=\"elementor-element elementor-element-9a6696a elementor-widget elementor-widget-text-editor\" data-id=\"9a6696a\" data-element_type=\"widget\" data-e-type=\"widget\" data-widget_type=\"text-editor.default\">\n\t\t\t\t<div class=\"elementor-widget-container\">\n\t\t\t\t\t\t\t\t\t<p>Nossa atividade como editora de software \u00e9 considerada &#8220;n\u00e3o poluente&#8221; porque n\u00e3o utiliza papel.<\/p><p>No entanto, acreditamos que \u00e9 nossa responsabilidade garantir diariamente que <strong>nossas decis\u00f5es e a\u00e7\u00f5es sejam as mais ambiental e socialmente respons\u00e1veis poss\u00edveis<\/strong>, com foco especial nas seguintes \u00e1reas:<\/p><ul><li>Reduzir nosso impacto negativo sobre o meio ambiente: optamos por reduzir as viagens de nossos funcion\u00e1rios sempre que poss\u00edvel, principalmente por meio do teletrabalho para aqueles que desejam faz\u00ea-lo, bem como reuni\u00f5es de vendas e demonstra\u00e7\u00f5es remotas sempre que poss\u00edvel. A maioria das viagens essenciais \u00e9 feita de trem.   <br>Instalamos pain\u00e9is fotovoltaicos no telhado de nosso centro de Pesquisa e Desenvolvimento em Montpellier para cobrir parte do consumo de energia do local.<\/li><li>desenvolvimento do emprego na Fran\u00e7a.<\/li><li>participa\u00e7\u00e3o na economia local.<\/li><\/ul>\t\t\t\t\t\t\t\t<\/div>\n\t\t\t\t<\/div>\n\t\t\t\t<\/div>\n\t\t\t\t\t<\/div>\n\t\t\t\t<\/div>\n\t\t\t\t<\/div>\n\t\t","protected":false},"excerpt":{"rendered":"<p>Todos os dias, as equipes do Grupo Siveco trabalham para implementar, manter e desenvolver a abordagem de CSR da empresa, a fim de combinar o desempenho econ\u00f4mico, social e ambiental. Nossos valores e nossa raz\u00e3o de ser Inova\u00e7\u00e3o, desempenho, adaptabilidade e satisfa\u00e7\u00e3o do cliente s\u00e3o valores fundamentais para o nosso grupo. Garantimos que nossas solu\u00e7\u00f5es [&hellip;]<\/p>\n","protected":false},"author":1,"featured_media":6095,"parent":0,"menu_order":2,"comment_status":"closed","ping_status":"closed","template":"","meta":{"footnotes":""},"class_list":["post-13581","page","type-page","status-publish","has-post-thumbnail","hentry"],"yoast_head":"<!-- This site is optimized with the Yoast SEO plugin v27.3 - https:\/\/yoast.com\/product\/yoast-seo-wordpress\/ -->\n<title>Vis\u00e3o e valores - Siveco<\/title>\n<meta name=\"robots\" content=\"index, follow, max-snippet:-1, max-image-preview:large, max-video-preview:-1\" \/>\n<link rel=\"canonical\" href=\"https:\/\/www.siveco.com\/pt-br\/visao-e-valores\/\" \/>\n<meta property=\"og:locale\" content=\"pt_BR\" \/>\n<meta property=\"og:type\" content=\"article\" \/>\n<meta property=\"og:title\" content=\"Vis\u00e3o e valores - Siveco\" \/>\n<meta property=\"og:description\" content=\"Todos os dias, as equipes do Grupo Siveco trabalham para implementar, manter e desenvolver a abordagem de CSR da empresa, a fim de combinar o desempenho econ\u00f4mico, social e ambiental. Nossos valores e nossa raz\u00e3o de ser Inova\u00e7\u00e3o, desempenho, adaptabilidade e satisfa\u00e7\u00e3o do cliente s\u00e3o valores fundamentais para o nosso grupo. Garantimos que nossas solu\u00e7\u00f5es [&hellip;]\" \/>\n<meta property=\"og:url\" content=\"https:\/\/www.siveco.com\/pt-br\/visao-e-valores\/\" \/>\n<meta property=\"og:site_name\" content=\"Siveco\" \/>\n<meta property=\"article:modified_time\" content=\"2026-02-02T08:18:46+00:00\" \/>\n<meta property=\"og:image\" content=\"https:\/\/www.siveco.com\/wp-content\/uploads\/2025\/04\/vision-et-valeurs.jpg\" \/>\n\t<meta property=\"og:image:width\" content=\"999\" \/>\n\t<meta property=\"og:image:height\" content=\"396\" \/>\n\t<meta property=\"og:image:type\" content=\"image\/jpeg\" \/>\n<meta name=\"twitter:card\" content=\"summary_large_image\" \/>\n<meta name=\"twitter:label1\" content=\"Est. tempo de leitura\" \/>\n\t<meta name=\"twitter:data1\" content=\"3 minutos\" \/>\n<script type=\"application\/ld+json\" class=\"yoast-schema-graph\">{\"@context\":\"https:\\\/\\\/schema.org\",\"@graph\":[{\"@type\":\"WebPage\",\"@id\":\"https:\\\/\\\/www.siveco.com\\\/pt-br\\\/visao-e-valores\\\/\",\"url\":\"https:\\\/\\\/www.siveco.com\\\/pt-br\\\/visao-e-valores\\\/\",\"name\":\"Vis\u00e3o e valores - Siveco\",\"isPartOf\":{\"@id\":\"https:\\\/\\\/www.siveco.com\\\/pt-br\\\/#website\"},\"primaryImageOfPage\":{\"@id\":\"https:\\\/\\\/www.siveco.com\\\/pt-br\\\/visao-e-valores\\\/#primaryimage\"},\"image\":{\"@id\":\"https:\\\/\\\/www.siveco.com\\\/pt-br\\\/visao-e-valores\\\/#primaryimage\"},\"thumbnailUrl\":\"https:\\\/\\\/www.siveco.com\\\/wp-content\\\/uploads\\\/2025\\\/04\\\/vision-et-valeurs.jpg\",\"datePublished\":\"2025-02-18T13:02:03+00:00\",\"dateModified\":\"2026-02-02T08:18:46+00:00\",\"breadcrumb\":{\"@id\":\"https:\\\/\\\/www.siveco.com\\\/pt-br\\\/visao-e-valores\\\/#breadcrumb\"},\"inLanguage\":\"pt-BR\",\"potentialAction\":[{\"@type\":\"ReadAction\",\"target\":[\"https:\\\/\\\/www.siveco.com\\\/pt-br\\\/visao-e-valores\\\/\"]}]},{\"@type\":\"ImageObject\",\"inLanguage\":\"pt-BR\",\"@id\":\"https:\\\/\\\/www.siveco.com\\\/pt-br\\\/visao-e-valores\\\/#primaryimage\",\"url\":\"https:\\\/\\\/www.siveco.com\\\/wp-content\\\/uploads\\\/2025\\\/04\\\/vision-et-valeurs.jpg\",\"contentUrl\":\"https:\\\/\\\/www.siveco.com\\\/wp-content\\\/uploads\\\/2025\\\/04\\\/vision-et-valeurs.jpg\",\"width\":999,\"height\":396,\"caption\":\"The concept of business, technology, the Internet and the network. A young entrepreneur working on a virtual screen of the future and sees the inscription: CSR\"},{\"@type\":\"BreadcrumbList\",\"@id\":\"https:\\\/\\\/www.siveco.com\\\/pt-br\\\/visao-e-valores\\\/#breadcrumb\",\"itemListElement\":[{\"@type\":\"ListItem\",\"position\":1,\"name\":\"Accueil\",\"item\":\"https:\\\/\\\/www.siveco.com\\\/pt-br\\\/\"},{\"@type\":\"ListItem\",\"position\":2,\"name\":\"Vis\u00e3o e valores\"}]},{\"@type\":\"WebSite\",\"@id\":\"https:\\\/\\\/www.siveco.com\\\/pt-br\\\/#website\",\"url\":\"https:\\\/\\\/www.siveco.com\\\/pt-br\\\/\",\"name\":\"Siveco\",\"description\":\"Le sp\u00e9cialiste de la GMAO\",\"publisher\":{\"@id\":\"https:\\\/\\\/www.siveco.com\\\/pt-br\\\/#organization\"},\"potentialAction\":[{\"@type\":\"SearchAction\",\"target\":{\"@type\":\"EntryPoint\",\"urlTemplate\":\"https:\\\/\\\/www.siveco.com\\\/pt-br\\\/?s={search_term_string}\"},\"query-input\":{\"@type\":\"PropertyValueSpecification\",\"valueRequired\":true,\"valueName\":\"search_term_string\"}}],\"inLanguage\":\"pt-BR\"},{\"@type\":\"Organization\",\"@id\":\"https:\\\/\\\/www.siveco.com\\\/pt-br\\\/#organization\",\"name\":\"Siveco\",\"url\":\"https:\\\/\\\/www.siveco.com\\\/pt-br\\\/\",\"logo\":{\"@type\":\"ImageObject\",\"inLanguage\":\"pt-BR\",\"@id\":\"https:\\\/\\\/www.siveco.com\\\/pt-br\\\/#\\\/schema\\\/logo\\\/image\\\/\",\"url\":\"https:\\\/\\\/www.siveco.com\\\/wp-content\\\/uploads\\\/2025\\\/02\\\/logo-siveco-white.png\",\"contentUrl\":\"https:\\\/\\\/www.siveco.com\\\/wp-content\\\/uploads\\\/2025\\\/02\\\/logo-siveco-white.png\",\"width\":1168,\"height\":481,\"caption\":\"Siveco\"},\"image\":{\"@id\":\"https:\\\/\\\/www.siveco.com\\\/pt-br\\\/#\\\/schema\\\/logo\\\/image\\\/\"}}]}<\/script>\n<!-- \/ Yoast SEO plugin. -->","yoast_head_json":{"title":"Vis\u00e3o e valores - Siveco","robots":{"index":"index","follow":"follow","max-snippet":"max-snippet:-1","max-image-preview":"max-image-preview:large","max-video-preview":"max-video-preview:-1"},"canonical":"https:\/\/www.siveco.com\/pt-br\/visao-e-valores\/","og_locale":"pt_BR","og_type":"article","og_title":"Vis\u00e3o e valores - Siveco","og_description":"Todos os dias, as equipes do Grupo Siveco trabalham para implementar, manter e desenvolver a abordagem de CSR da empresa, a fim de combinar o desempenho econ\u00f4mico, social e ambiental. Nossos valores e nossa raz\u00e3o de ser Inova\u00e7\u00e3o, desempenho, adaptabilidade e satisfa\u00e7\u00e3o do cliente s\u00e3o valores fundamentais para o nosso grupo. Garantimos que nossas solu\u00e7\u00f5es [&hellip;]","og_url":"https:\/\/www.siveco.com\/pt-br\/visao-e-valores\/","og_site_name":"Siveco","article_modified_time":"2026-02-02T08:18:46+00:00","og_image":[{"width":999,"height":396,"url":"https:\/\/www.siveco.com\/wp-content\/uploads\/2025\/04\/vision-et-valeurs.jpg","type":"image\/jpeg"}],"twitter_card":"summary_large_image","twitter_misc":{"Est. tempo de leitura":"3 minutos"},"schema":{"@context":"https:\/\/schema.org","@graph":[{"@type":"WebPage","@id":"https:\/\/www.siveco.com\/pt-br\/visao-e-valores\/","url":"https:\/\/www.siveco.com\/pt-br\/visao-e-valores\/","name":"Vis\u00e3o e valores - Siveco","isPartOf":{"@id":"https:\/\/www.siveco.com\/pt-br\/#website"},"primaryImageOfPage":{"@id":"https:\/\/www.siveco.com\/pt-br\/visao-e-valores\/#primaryimage"},"image":{"@id":"https:\/\/www.siveco.com\/pt-br\/visao-e-valores\/#primaryimage"},"thumbnailUrl":"https:\/\/www.siveco.com\/wp-content\/uploads\/2025\/04\/vision-et-valeurs.jpg","datePublished":"2025-02-18T13:02:03+00:00","dateModified":"2026-02-02T08:18:46+00:00","breadcrumb":{"@id":"https:\/\/www.siveco.com\/pt-br\/visao-e-valores\/#breadcrumb"},"inLanguage":"pt-BR","potentialAction":[{"@type":"ReadAction","target":["https:\/\/www.siveco.com\/pt-br\/visao-e-valores\/"]}]},{"@type":"ImageObject","inLanguage":"pt-BR","@id":"https:\/\/www.siveco.com\/pt-br\/visao-e-valores\/#primaryimage","url":"https:\/\/www.siveco.com\/wp-content\/uploads\/2025\/04\/vision-et-valeurs.jpg","contentUrl":"https:\/\/www.siveco.com\/wp-content\/uploads\/2025\/04\/vision-et-valeurs.jpg","width":999,"height":396,"caption":"The concept of business, technology, the Internet and the network. A young entrepreneur working on a virtual screen of the future and sees the inscription: CSR"},{"@type":"BreadcrumbList","@id":"https:\/\/www.siveco.com\/pt-br\/visao-e-valores\/#breadcrumb","itemListElement":[{"@type":"ListItem","position":1,"name":"Accueil","item":"https:\/\/www.siveco.com\/pt-br\/"},{"@type":"ListItem","position":2,"name":"Vis\u00e3o e valores"}]},{"@type":"WebSite","@id":"https:\/\/www.siveco.com\/pt-br\/#website","url":"https:\/\/www.siveco.com\/pt-br\/","name":"Siveco","description":"Le sp\u00e9cialiste de la GMAO","publisher":{"@id":"https:\/\/www.siveco.com\/pt-br\/#organization"},"potentialAction":[{"@type":"SearchAction","target":{"@type":"EntryPoint","urlTemplate":"https:\/\/www.siveco.com\/pt-br\/?s={search_term_string}"},"query-input":{"@type":"PropertyValueSpecification","valueRequired":true,"valueName":"search_term_string"}}],"inLanguage":"pt-BR"},{"@type":"Organization","@id":"https:\/\/www.siveco.com\/pt-br\/#organization","name":"Siveco","url":"https:\/\/www.siveco.com\/pt-br\/","logo":{"@type":"ImageObject","inLanguage":"pt-BR","@id":"https:\/\/www.siveco.com\/pt-br\/#\/schema\/logo\/image\/","url":"https:\/\/www.siveco.com\/wp-content\/uploads\/2025\/02\/logo-siveco-white.png","contentUrl":"https:\/\/www.siveco.com\/wp-content\/uploads\/2025\/02\/logo-siveco-white.png","width":1168,"height":481,"caption":"Siveco"},"image":{"@id":"https:\/\/www.siveco.com\/pt-br\/#\/schema\/logo\/image\/"}}]}},"_links":{"self":[{"href":"https:\/\/www.siveco.com\/pt-br\/wp-json\/wp\/v2\/pages\/13581","targetHints":{"allow":["GET"]}}],"collection":[{"href":"https:\/\/www.siveco.com\/pt-br\/wp-json\/wp\/v2\/pages"}],"about":[{"href":"https:\/\/www.siveco.com\/pt-br\/wp-json\/wp\/v2\/types\/page"}],"author":[{"embeddable":true,"href":"https:\/\/www.siveco.com\/pt-br\/wp-json\/wp\/v2\/users\/1"}],"replies":[{"embeddable":true,"href":"https:\/\/www.siveco.com\/pt-br\/wp-json\/wp\/v2\/comments?post=13581"}],"version-history":[{"count":13,"href":"https:\/\/www.siveco.com\/pt-br\/wp-json\/wp\/v2\/pages\/13581\/revisions"}],"predecessor-version":[{"id":19423,"href":"https:\/\/www.siveco.com\/pt-br\/wp-json\/wp\/v2\/pages\/13581\/revisions\/19423"}],"wp:featuredmedia":[{"embeddable":true,"href":"https:\/\/www.siveco.com\/pt-br\/wp-json\/wp\/v2\/media\/6095"}],"wp:attachment":[{"href":"https:\/\/www.siveco.com\/pt-br\/wp-json\/wp\/v2\/media?parent=13581"}],"curies":[{"name":"wp","href":"https:\/\/api.w.org\/{rel}","templated":true}]}}