 {"id":13827,"date":"2025-03-13T13:40:38","date_gmt":"2025-03-13T13:40:38","guid":{"rendered":"https:\/\/www.siveco.com\/solicite-uma-demonstracao\/"},"modified":"2025-07-09T16:01:15","modified_gmt":"2025-07-09T16:01:15","slug":"solicite-uma-demonstracao","status":"publish","type":"page","link":"https:\/\/www.siveco.com\/pt-br\/solicite-uma-demonstracao\/","title":{"rendered":"Solicite uma demonstra\u00e7\u00e3o"},"content":{"rendered":"\t\t<div data-elementor-type=\"wp-page\" data-elementor-id=\"13827\" class=\"elementor elementor-13827 elementor-3949\" data-elementor-post-type=\"page\">\n\t\t\t\t<div class=\"elementor-element elementor-element-68d1596 e-flex e-con-boxed e-con e-parent\" data-id=\"68d1596\" data-element_type=\"container\" data-e-type=\"container\" data-settings=\"{&quot;jet_parallax_layout_list&quot;:[]}\">\n\t\t\t\t\t<div class=\"e-con-inner\">\n\t\t<div class=\"elementor-element elementor-element-c0b7085 e-con-full e-flex e-con e-child\" data-id=\"c0b7085\" data-element_type=\"container\" data-e-type=\"container\" data-settings=\"{&quot;jet_parallax_layout_list&quot;:[]}\">\n\t\t\t\t<div class=\"elementor-element elementor-element-dc83d0f elementor-widget elementor-widget-heading\" data-id=\"dc83d0f\" data-element_type=\"widget\" data-e-type=\"widget\" data-widget_type=\"heading.default\">\n\t\t\t\t<div class=\"elementor-widget-container\">\n\t\t\t\t\t<h2 class=\"elementor-heading-title elementor-size-default\">Entre em contato com nossas equipes<\/h2>\t\t\t\t<\/div>\n\t\t\t\t<\/div>\n\t\t\t\t<\/div>\n\t\t<div class=\"elementor-element elementor-element-728079e e-con-full e-flex e-con e-child\" data-id=\"728079e\" data-element_type=\"container\" data-e-type=\"container\" data-settings=\"{&quot;background_background&quot;:&quot;classic&quot;,&quot;jet_parallax_layout_list&quot;:[]}\">\n\t\t\t\t<div class=\"elementor-element elementor-element-02bc7cd elementor-widget__width-inherit elementor-widget elementor-widget-heading\" data-id=\"02bc7cd\" data-element_type=\"widget\" data-e-type=\"widget\" data-widget_type=\"heading.default\">\n\t\t\t\t<div class=\"elementor-widget-container\">\n\t\t\t\t\t<h2 class=\"elementor-heading-title elementor-size-default\">Voc\u00ea gostaria de receber uma cota\u00e7\u00e3o ou ver uma demonstra\u00e7\u00e3o das nossas solu\u00e7\u00f5es Coswin CMMS?\nInforme-nos!<\/h2>\t\t\t\t<\/div>\n\t\t\t\t<\/div>\n\t\t\t\t<div class=\"elementor-element elementor-element-0954216 elementor-button-align-end elementor-widget__width-initial elementor-widget-mobile__width-inherit elementor-widget elementor-widget-form\" data-id=\"0954216\" data-element_type=\"widget\" data-e-type=\"widget\" data-settings=\"{&quot;step_next_label&quot;:&quot;Pr\\u00f3ximo&quot;,&quot;step_previous_label&quot;:&quot;Anterior&quot;,&quot;button_width&quot;:&quot;100&quot;,&quot;step_type&quot;:&quot;number_text&quot;,&quot;step_icon_shape&quot;:&quot;circle&quot;}\" data-widget_type=\"form.default\">\n\t\t\t\t<div class=\"elementor-widget-container\">\n\t\t\t\t\t\t\t<form class=\"elementor-form\" method=\"post\" name=\"Solicite uma demonstra\u00e7\u00e3o\" aria-label=\"Solicite uma demonstra\u00e7\u00e3o\">\n\t\t\t<input type=\"hidden\" name=\"post_id\" value=\"13827\"\/>\n\t\t\t<input type=\"hidden\" name=\"form_id\" value=\"0954216\"\/>\n\t\t\t<input type=\"hidden\" name=\"referer_title\" value=\"Siveco\" \/>\n\n\t\t\t\n\t\t\t<div class=\"elementor-form-fields-wrapper elementor-labels-above\">\n\t\t\t\t\t\t\t\t<div class=\"elementor-field-type-text elementor-field-group elementor-column elementor-field-group-name elementor-col-50 elementor-sm-100 elementor-field-required elementor-mark-required\">\n\t\t\t\t\t\t\t\t\t\t\t\t<label for=\"form-field-name\" class=\"elementor-field-label\">\n\t\t\t\t\t\t\t\tEmpresa\t\t\t\t\t\t\t<\/label>\n\t\t\t\t\t\t\t\t\t\t\t\t\t\t<input size=\"1\" type=\"text\" name=\"form_fields[name]\" id=\"form-field-name\" class=\"elementor-field elementor-size-sm  elementor-field-textual\" required=\"required\">\n\t\t\t\t\t\t\t\t\t\t\t<\/div>\n\t\t\t\t\t\t\t\t<div class=\"elementor-field-type-select elementor-field-group elementor-column elementor-field-group-field_e62f973 elementor-col-50 elementor-sm-100\">\n\t\t\t\t\t\t\t\t\t\t\t\t<label for=\"form-field-field_e62f973\" class=\"elementor-field-label\">\n\t\t\t\t\t\t\t\tSetor de atividade\t\t\t\t\t\t\t<\/label>\n\t\t\t\t\t\t\t\t<div class=\"elementor-field elementor-select-wrapper remove-before \">\n\t\t\t<div class=\"select-caret-down-wrapper\">\n\t\t\t\t<svg aria-hidden=\"true\" class=\"e-font-icon-svg e-eicon-caret-down\" viewBox=\"0 0 571.4 571.4\" xmlns=\"http:\/\/www.w3.org\/2000\/svg\"><path d=\"M571 393Q571 407 561 418L311 668Q300 679 286 679T261 668L11 418Q0 407 0 393T11 368 36 357H536Q550 357 561 368T571 393Z\"><\/path><\/svg>\t\t\t<\/div>\n\t\t\t<select name=\"form_fields[field_e62f973]\" id=\"form-field-field_e62f973\" class=\"elementor-field-textual elementor-size-sm\">\n\t\t\t\t\t\t\t\t\t<option value=\"-\">-<\/option>\n\t\t\t\t\t\t\t\t\t<option value=\"Ind\u00fastria aliment\u00edcia\">Ind\u00fastria aliment\u00edcia<\/option>\n\t\t\t\t\t\t\t\t\t<option value=\"Autoridades locais\">Autoridades locais<\/option>\n\t\t\t\t\t\t\t\t\t<option value=\"Defesa\">Defesa<\/option>\n\t\t\t\t\t\t\t\t\t<option value=\"Distribui\u00e7\u00e3o\">Distribui\u00e7\u00e3o<\/option>\n\t\t\t\t\t\t\t\t\t<option value=\"Energia\">Energia<\/option>\n\t\t\t\t\t\t\t\t\t<option value=\"FM\">FM<\/option>\n\t\t\t\t\t\t\t\t\t<option value=\"Gest\u00e3o de \u00e1gua\/res\u00edduos\">Gest\u00e3o de \u00e1gua\/res\u00edduos<\/option>\n\t\t\t\t\t\t\t\t\t<option value=\"Ind\u00fastria\">Ind\u00fastria<\/option>\n\t\t\t\t\t\t\t\t\t<option value=\"Farmac\u00eautica\">Farmac\u00eautica<\/option>\n\t\t\t\t\t\t\t\t\t<option value=\"Sa\u00fade\">Sa\u00fade<\/option>\n\t\t\t\t\t\t\t\t\t<option value=\"Transporte\">Transporte<\/option>\n\t\t\t\t\t\t\t\t\t<option value=\"Consultor\/AMOA\">Consultor\/AMOA<\/option>\n\t\t\t\t\t\t\t\t\t<option value=\"Outro\">Outro<\/option>\n\t\t\t\t\t\t\t<\/select>\n\t\t<\/div>\n\t\t\t\t\t\t<\/div>\n\t\t\t\t\t\t\t\t<div class=\"elementor-field-type-text elementor-field-group elementor-column elementor-field-group-field_afed5d3 elementor-col-50 elementor-sm-100 elementor-field-required elementor-mark-required\">\n\t\t\t\t\t\t\t\t\t\t\t\t<label for=\"form-field-field_afed5d3\" class=\"elementor-field-label\">\n\t\t\t\t\t\t\t\tNome\t\t\t\t\t\t\t<\/label>\n\t\t\t\t\t\t\t\t\t\t\t\t\t\t<input size=\"1\" type=\"text\" name=\"form_fields[field_afed5d3]\" id=\"form-field-field_afed5d3\" class=\"elementor-field elementor-size-sm  elementor-field-textual\" required=\"required\">\n\t\t\t\t\t\t\t\t\t\t\t<\/div>\n\t\t\t\t\t\t\t\t<div class=\"elementor-field-type-text elementor-field-group elementor-column elementor-field-group-field_87b7c0c elementor-col-50 elementor-sm-100\">\n\t\t\t\t\t\t\t\t\t\t\t\t<label for=\"form-field-field_87b7c0c\" class=\"elementor-field-label\">\n\t\t\t\t\t\t\t\tPrimeiro nome\t\t\t\t\t\t\t<\/label>\n\t\t\t\t\t\t\t\t\t\t\t\t\t\t<input size=\"1\" type=\"text\" name=\"form_fields[field_87b7c0c]\" id=\"form-field-field_87b7c0c\" class=\"elementor-field elementor-size-sm  elementor-field-textual\">\n\t\t\t\t\t\t\t\t\t\t\t<\/div>\n\t\t\t\t\t\t\t\t<div class=\"elementor-field-type-text elementor-field-group elementor-column elementor-field-group-field_aadb31f elementor-col-50 elementor-sm-100\">\n\t\t\t\t\t\t\t\t\t\t\t\t<label for=\"form-field-field_aadb31f\" class=\"elementor-field-label\">\n\t\t\t\t\t\t\t\tFun\u00e7\u00e3o\t\t\t\t\t\t\t<\/label>\n\t\t\t\t\t\t\t\t\t\t\t\t\t\t<input size=\"1\" type=\"text\" name=\"form_fields[field_aadb31f]\" id=\"form-field-field_aadb31f\" class=\"elementor-field elementor-size-sm  elementor-field-textual\">\n\t\t\t\t\t\t\t\t\t\t\t<\/div>\n\t\t\t\t\t\t\t\t<div class=\"elementor-field-type-email elementor-field-group elementor-column elementor-field-group-email elementor-col-50 elementor-sm-100 elementor-field-required elementor-mark-required\">\n\t\t\t\t\t\t\t\t\t\t\t\t<label for=\"form-field-email\" class=\"elementor-field-label\">\n\t\t\t\t\t\t\t\tE-mail profissional\t\t\t\t\t\t\t<\/label>\n\t\t\t\t\t\t\t\t\t\t\t\t\t\t<input size=\"1\" type=\"email\" name=\"form_fields[email]\" id=\"form-field-email\" class=\"elementor-field elementor-size-sm  elementor-field-textual\" required=\"required\">\n\t\t\t\t\t\t\t\t\t\t\t<\/div>\n\t\t\t\t\t\t\t\t<div class=\"elementor-field-type-tel elementor-field-group elementor-column elementor-field-group-field_ac2ec25 elementor-col-50 elementor-sm-100 elementor-field-required elementor-mark-required\">\n\t\t\t\t\t\t\t\t\t\t\t\t<label for=\"form-field-field_ac2ec25\" class=\"elementor-field-label\">\n\t\t\t\t\t\t\t\tTelefone\t\t\t\t\t\t\t<\/label>\n\t\t\t\t\t\t\t\t<input size=\"1\" type=\"tel\" name=\"form_fields[field_ac2ec25]\" id=\"form-field-field_ac2ec25\" class=\"elementor-field elementor-size-sm  elementor-field-textual\" required=\"required\" pattern=\"[0-9()#&amp;+*-=.]+\" title=\"Apenas n\u00fameros e caracteres de telefone (#, -, *, etc.) s\u00e3o aceitos.\">\n\n\t\t\t\t\t\t<\/div>\n\t\t\t\t\t\t\t\t<div class=\"elementor-field-type-text elementor-field-group elementor-column elementor-field-group-field_940a966 elementor-col-50\">\n\t\t\t\t\t\t\t\t\t\t\t\t<label for=\"form-field-field_940a966\" class=\"elementor-field-label\">\n\t\t\t\t\t\t\t\tEndere\u00e7o\t\t\t\t\t\t\t<\/label>\n\t\t\t\t\t\t\t\t\t\t\t\t\t\t<input size=\"1\" type=\"text\" name=\"form_fields[field_940a966]\" id=\"form-field-field_940a966\" class=\"elementor-field elementor-size-sm  elementor-field-textual\">\n\t\t\t\t\t\t\t\t\t\t\t<\/div>\n\t\t\t\t\t\t\t\t<div class=\"elementor-field-type-number elementor-field-group elementor-column elementor-field-group-field_fc7f358 elementor-col-50 elementor-field-required elementor-mark-required\">\n\t\t\t\t\t\t\t\t\t\t\t\t<label for=\"form-field-field_fc7f358\" class=\"elementor-field-label\">\n\t\t\t\t\t\t\t\tC\u00f3digo postal\t\t\t\t\t\t\t<\/label>\n\t\t\t\t\t\t\t\t\t<input type=\"number\" name=\"form_fields[field_fc7f358]\" id=\"form-field-field_fc7f358\" class=\"elementor-field elementor-size-sm  elementor-field-textual\" required=\"required\" min=\"\" max=\"\" >\n\t\t\t\t\t\t<\/div>\n\t\t\t\t\t\t\t\t<div class=\"elementor-field-type-text elementor-field-group elementor-column elementor-field-group-field_952951f elementor-col-50 elementor-field-required elementor-mark-required\">\n\t\t\t\t\t\t\t\t\t\t\t\t<label for=\"form-field-field_952951f\" class=\"elementor-field-label\">\n\t\t\t\t\t\t\t\tCidade\t\t\t\t\t\t\t<\/label>\n\t\t\t\t\t\t\t\t\t\t\t\t\t\t<input size=\"1\" type=\"text\" name=\"form_fields[field_952951f]\" id=\"form-field-field_952951f\" class=\"elementor-field elementor-size-sm  elementor-field-textual\" required=\"required\">\n\t\t\t\t\t\t\t\t\t\t\t<\/div>\n\t\t\t\t\t\t\t\t<div class=\"elementor-field-type-text elementor-field-group elementor-column elementor-field-group-field_9f494de elementor-col-100 elementor-field-required elementor-mark-required\">\n\t\t\t\t\t\t\t\t\t\t\t\t<label for=\"form-field-field_9f494de\" class=\"elementor-field-label\">\n\t\t\t\t\t\t\t\tPa\u00eds\t\t\t\t\t\t\t<\/label>\n\t\t\t\t\t\t\t\t\t\t\t\t\t\t<input size=\"1\" type=\"text\" name=\"form_fields[field_9f494de]\" id=\"form-field-field_9f494de\" class=\"elementor-field elementor-size-sm  elementor-field-textual\" required=\"required\">\n\t\t\t\t\t\t\t\t\t\t\t<\/div>\n\t\t\t\t\t\t\t\t<div class=\"elementor-field-type-checkbox elementor-field-group elementor-column elementor-field-group-interesse elementor-col-100\">\n\t\t\t\t\t\t\t\t\t\t\t\t<label for=\"form-field-interesse\" class=\"elementor-field-label\">\n\t\t\t\t\t\t\t\tSolu\u00e7\u00f5es direcionadas\t\t\t\t\t\t\t<\/label>\n\t\t\t\t\t\t<div class=\"elementor-field-subgroup  \"><span class=\"elementor-field-option\"><input type=\"checkbox\" value=\"Coswin 8i\" id=\"form-field-interesse-0\" name=\"form_fields[interesse][]\"> <label for=\"form-field-interesse-0\">Coswin 8i<\/label><\/span><span class=\"elementor-field-option\"><input type=\"checkbox\" value=\"Coswin Nom@d\" id=\"form-field-interesse-1\" name=\"form_fields[interesse][]\"> <label for=\"form-field-interesse-1\">Coswin Nom@d<\/label><\/span><span class=\"elementor-field-option\"><input type=\"checkbox\" value=\"Coswin Open\" id=\"form-field-interesse-2\" name=\"form_fields[interesse][]\"> <label for=\"form-field-interesse-2\">Coswin Open<\/label><\/span><span class=\"elementor-field-option\"><input type=\"checkbox\" value=\"Coswin BIM\" id=\"form-field-interesse-3\" name=\"form_fields[interesse][]\"> <label for=\"form-field-interesse-3\">Coswin BIM<\/label><\/span><span class=\"elementor-field-option\"><input type=\"checkbox\" value=\"Coswin IoT\" id=\"form-field-interesse-4\" name=\"form_fields[interesse][]\"> <label for=\"form-field-interesse-4\">Coswin IoT<\/label><\/span><span class=\"elementor-field-option\"><input type=\"checkbox\" value=\"Coswin BI\" id=\"form-field-interesse-5\" name=\"form_fields[interesse][]\"> <label for=\"form-field-interesse-5\">Coswin BI<\/label><\/span><span class=\"elementor-field-option\"><input type=\"checkbox\" value=\"Coswin GIS\" id=\"form-field-interesse-6\" name=\"form_fields[interesse][]\"> <label for=\"form-field-interesse-6\">Coswin GIS<\/label><\/span><span class=\"elementor-field-option\"><input type=\"checkbox\" value=\"Coswin Flow\" id=\"form-field-interesse-7\" name=\"form_fields[interesse][]\"> <label for=\"form-field-interesse-7\">Coswin Flow<\/label><\/span><\/div>\t\t\t\t<\/div>\n\t\t\t\t\t\t\t\t<div class=\"elementor-field-type-textarea elementor-field-group elementor-column elementor-field-group-message elementor-col-100\">\n\t\t\t\t\t\t\t\t\t\t\t\t<label for=\"form-field-message\" class=\"elementor-field-label\">\n\t\t\t\t\t\t\t\tSua mensagem\t\t\t\t\t\t\t<\/label>\n\t\t\t\t\t\t<textarea class=\"elementor-field-textual elementor-field  elementor-size-sm\" name=\"form_fields[message]\" id=\"form-field-message\" rows=\"4\"><\/textarea>\t\t\t\t<\/div>\n\t\t\t\t\t\t\t\t<div class=\"elementor-field-type-acceptance elementor-field-group elementor-column elementor-field-group-field_5f556f2 elementor-col-100 elementor-field-required elementor-mark-required\">\n\t\t\t\t\t\t\t<div class=\"elementor-field-subgroup\">\n\t\t\t<span class=\"elementor-field-option\">\n\t\t\t\t<input type=\"checkbox\" name=\"form_fields[field_5f556f2]\" id=\"form-field-field_5f556f2\" class=\"elementor-field elementor-size-sm  elementor-acceptance-field\" required=\"required\">\n\t\t\t\t<label for=\"form-field-field_5f556f2\">Aceito os termos e condi\u00e7\u00f5es estabelecidos em nossa p\u00e1gina <a href=\"https:\/\/www.siveco.com\/politique-de-confidentialite\/\" target=\"_blank\">de pol\u00edtica de privacidade<\/a>.<\/label>\t\t\t<\/span>\n\t\t<\/div>\n\t\t\t\t\t\t<\/div>\n\t\t\t\t\t\t\t\t<div class=\"elementor-field-group elementor-column elementor-field-type-submit elementor-col-100 e-form__buttons\">\n\t\t\t\t\t<button class=\"elementor-button elementor-size-sm\" type=\"submit\">\n\t\t\t\t\t\t<span class=\"elementor-button-content-wrapper\">\n\t\t\t\t\t\t\t\t\t\t\t\t\t\t\t\t\t\t\t\t\t\t<span class=\"elementor-button-text\">Enviar<\/span>\n\t\t\t\t\t\t\t\t\t\t\t\t\t<\/span>\n\t\t\t\t\t<\/button>\n\t\t\t\t<\/div>\n\t\t\t<\/div>\n\t\t<\/form>\n\t\t\t\t\t\t<\/div>\n\t\t\t\t<\/div>\n\t\t\t\t<\/div>\n\t\t\t\t\t<\/div>\n\t\t\t\t<\/div>\n\t\t\t\t<\/div>\n\t\t","protected":false},"excerpt":{"rendered":"<p>Entre em contato com nossas equipes Voc\u00ea gostaria de receber uma cota\u00e7\u00e3o ou ver uma demonstra\u00e7\u00e3o das nossas solu\u00e7\u00f5es Coswin CMMS? Informe-nos!<\/p>\n","protected":false},"author":1,"featured_media":0,"parent":0,"menu_order":0,"comment_status":"closed","ping_status":"closed","template":"","meta":{"footnotes":""},"class_list":["post-13827","page","type-page","status-publish","hentry"],"yoast_head":"<!-- This site is optimized with the Yoast SEO plugin v27.3 - https:\/\/yoast.com\/product\/yoast-seo-wordpress\/ -->\n<title>Solicite uma demonstra\u00e7\u00e3o - Siveco<\/title>\n<meta name=\"robots\" content=\"index, follow, max-snippet:-1, max-image-preview:large, max-video-preview:-1\" \/>\n<link rel=\"canonical\" href=\"https:\/\/www.siveco.com\/pt-br\/solicite-uma-demonstracao\/\" \/>\n<meta property=\"og:locale\" content=\"pt_BR\" \/>\n<meta property=\"og:type\" content=\"article\" \/>\n<meta property=\"og:title\" content=\"Solicite uma demonstra\u00e7\u00e3o - Siveco\" \/>\n<meta property=\"og:description\" content=\"Entre em contato com nossas equipes Voc\u00ea gostaria de receber uma cota\u00e7\u00e3o ou ver uma demonstra\u00e7\u00e3o das nossas solu\u00e7\u00f5es Coswin CMMS? Informe-nos!\" \/>\n<meta property=\"og:url\" content=\"https:\/\/www.siveco.com\/pt-br\/solicite-uma-demonstracao\/\" \/>\n<meta property=\"og:site_name\" content=\"Siveco\" \/>\n<meta property=\"article:modified_time\" content=\"2025-07-09T16:01:15+00:00\" \/>\n<meta name=\"twitter:card\" content=\"summary_large_image\" \/>\n<script type=\"application\/ld+json\" class=\"yoast-schema-graph\">{\"@context\":\"https:\\\/\\\/schema.org\",\"@graph\":[{\"@type\":\"WebPage\",\"@id\":\"https:\\\/\\\/www.siveco.com\\\/pt-br\\\/solicite-uma-demonstracao\\\/\",\"url\":\"https:\\\/\\\/www.siveco.com\\\/pt-br\\\/solicite-uma-demonstracao\\\/\",\"name\":\"Solicite uma demonstra\u00e7\u00e3o - Siveco\",\"isPartOf\":{\"@id\":\"https:\\\/\\\/www.siveco.com\\\/pt-br\\\/#website\"},\"datePublished\":\"2025-03-13T13:40:38+00:00\",\"dateModified\":\"2025-07-09T16:01:15+00:00\",\"breadcrumb\":{\"@id\":\"https:\\\/\\\/www.siveco.com\\\/pt-br\\\/solicite-uma-demonstracao\\\/#breadcrumb\"},\"inLanguage\":\"pt-BR\",\"potentialAction\":[{\"@type\":\"ReadAction\",\"target\":[\"https:\\\/\\\/www.siveco.com\\\/pt-br\\\/solicite-uma-demonstracao\\\/\"]}]},{\"@type\":\"BreadcrumbList\",\"@id\":\"https:\\\/\\\/www.siveco.com\\\/pt-br\\\/solicite-uma-demonstracao\\\/#breadcrumb\",\"itemListElement\":[{\"@type\":\"ListItem\",\"position\":1,\"name\":\"Accueil\",\"item\":\"https:\\\/\\\/www.siveco.com\\\/pt-br\\\/\"},{\"@type\":\"ListItem\",\"position\":2,\"name\":\"Solicite uma demonstra\u00e7\u00e3o\"}]},{\"@type\":\"WebSite\",\"@id\":\"https:\\\/\\\/www.siveco.com\\\/pt-br\\\/#website\",\"url\":\"https:\\\/\\\/www.siveco.com\\\/pt-br\\\/\",\"name\":\"Siveco\",\"description\":\"Le sp\u00e9cialiste de la GMAO\",\"publisher\":{\"@id\":\"https:\\\/\\\/www.siveco.com\\\/pt-br\\\/#organization\"},\"potentialAction\":[{\"@type\":\"SearchAction\",\"target\":{\"@type\":\"EntryPoint\",\"urlTemplate\":\"https:\\\/\\\/www.siveco.com\\\/pt-br\\\/?s={search_term_string}\"},\"query-input\":{\"@type\":\"PropertyValueSpecification\",\"valueRequired\":true,\"valueName\":\"search_term_string\"}}],\"inLanguage\":\"pt-BR\"},{\"@type\":\"Organization\",\"@id\":\"https:\\\/\\\/www.siveco.com\\\/pt-br\\\/#organization\",\"name\":\"Siveco\",\"url\":\"https:\\\/\\\/www.siveco.com\\\/pt-br\\\/\",\"logo\":{\"@type\":\"ImageObject\",\"inLanguage\":\"pt-BR\",\"@id\":\"https:\\\/\\\/www.siveco.com\\\/pt-br\\\/#\\\/schema\\\/logo\\\/image\\\/\",\"url\":\"https:\\\/\\\/www.siveco.com\\\/wp-content\\\/uploads\\\/2025\\\/02\\\/logo-siveco-white.png\",\"contentUrl\":\"https:\\\/\\\/www.siveco.com\\\/wp-content\\\/uploads\\\/2025\\\/02\\\/logo-siveco-white.png\",\"width\":1168,\"height\":481,\"caption\":\"Siveco\"},\"image\":{\"@id\":\"https:\\\/\\\/www.siveco.com\\\/pt-br\\\/#\\\/schema\\\/logo\\\/image\\\/\"}}]}<\/script>\n<!-- \/ Yoast SEO plugin. -->","yoast_head_json":{"title":"Solicite uma demonstra\u00e7\u00e3o - Siveco","robots":{"index":"index","follow":"follow","max-snippet":"max-snippet:-1","max-image-preview":"max-image-preview:large","max-video-preview":"max-video-preview:-1"},"canonical":"https:\/\/www.siveco.com\/pt-br\/solicite-uma-demonstracao\/","og_locale":"pt_BR","og_type":"article","og_title":"Solicite uma demonstra\u00e7\u00e3o - Siveco","og_description":"Entre em contato com nossas equipes Voc\u00ea gostaria de receber uma cota\u00e7\u00e3o ou ver uma demonstra\u00e7\u00e3o das nossas solu\u00e7\u00f5es Coswin CMMS? Informe-nos!","og_url":"https:\/\/www.siveco.com\/pt-br\/solicite-uma-demonstracao\/","og_site_name":"Siveco","article_modified_time":"2025-07-09T16:01:15+00:00","twitter_card":"summary_large_image","schema":{"@context":"https:\/\/schema.org","@graph":[{"@type":"WebPage","@id":"https:\/\/www.siveco.com\/pt-br\/solicite-uma-demonstracao\/","url":"https:\/\/www.siveco.com\/pt-br\/solicite-uma-demonstracao\/","name":"Solicite uma demonstra\u00e7\u00e3o - Siveco","isPartOf":{"@id":"https:\/\/www.siveco.com\/pt-br\/#website"},"datePublished":"2025-03-13T13:40:38+00:00","dateModified":"2025-07-09T16:01:15+00:00","breadcrumb":{"@id":"https:\/\/www.siveco.com\/pt-br\/solicite-uma-demonstracao\/#breadcrumb"},"inLanguage":"pt-BR","potentialAction":[{"@type":"ReadAction","target":["https:\/\/www.siveco.com\/pt-br\/solicite-uma-demonstracao\/"]}]},{"@type":"BreadcrumbList","@id":"https:\/\/www.siveco.com\/pt-br\/solicite-uma-demonstracao\/#breadcrumb","itemListElement":[{"@type":"ListItem","position":1,"name":"Accueil","item":"https:\/\/www.siveco.com\/pt-br\/"},{"@type":"ListItem","position":2,"name":"Solicite uma demonstra\u00e7\u00e3o"}]},{"@type":"WebSite","@id":"https:\/\/www.siveco.com\/pt-br\/#website","url":"https:\/\/www.siveco.com\/pt-br\/","name":"Siveco","description":"Le sp\u00e9cialiste de la GMAO","publisher":{"@id":"https:\/\/www.siveco.com\/pt-br\/#organization"},"potentialAction":[{"@type":"SearchAction","target":{"@type":"EntryPoint","urlTemplate":"https:\/\/www.siveco.com\/pt-br\/?s={search_term_string}"},"query-input":{"@type":"PropertyValueSpecification","valueRequired":true,"valueName":"search_term_string"}}],"inLanguage":"pt-BR"},{"@type":"Organization","@id":"https:\/\/www.siveco.com\/pt-br\/#organization","name":"Siveco","url":"https:\/\/www.siveco.com\/pt-br\/","logo":{"@type":"ImageObject","inLanguage":"pt-BR","@id":"https:\/\/www.siveco.com\/pt-br\/#\/schema\/logo\/image\/","url":"https:\/\/www.siveco.com\/wp-content\/uploads\/2025\/02\/logo-siveco-white.png","contentUrl":"https:\/\/www.siveco.com\/wp-content\/uploads\/2025\/02\/logo-siveco-white.png","width":1168,"height":481,"caption":"Siveco"},"image":{"@id":"https:\/\/www.siveco.com\/pt-br\/#\/schema\/logo\/image\/"}}]}},"_links":{"self":[{"href":"https:\/\/www.siveco.com\/pt-br\/wp-json\/wp\/v2\/pages\/13827","targetHints":{"allow":["GET"]}}],"collection":[{"href":"https:\/\/www.siveco.com\/pt-br\/wp-json\/wp\/v2\/pages"}],"about":[{"href":"https:\/\/www.siveco.com\/pt-br\/wp-json\/wp\/v2\/types\/page"}],"author":[{"embeddable":true,"href":"https:\/\/www.siveco.com\/pt-br\/wp-json\/wp\/v2\/users\/1"}],"replies":[{"embeddable":true,"href":"https:\/\/www.siveco.com\/pt-br\/wp-json\/wp\/v2\/comments?post=13827"}],"version-history":[{"count":1,"href":"https:\/\/www.siveco.com\/pt-br\/wp-json\/wp\/v2\/pages\/13827\/revisions"}],"predecessor-version":[{"id":13829,"href":"https:\/\/www.siveco.com\/pt-br\/wp-json\/wp\/v2\/pages\/13827\/revisions\/13829"}],"wp:attachment":[{"href":"https:\/\/www.siveco.com\/pt-br\/wp-json\/wp\/v2\/media?parent=13827"}],"curies":[{"name":"wp","href":"https:\/\/api.w.org\/{rel}","templated":true}]}}