 {"id":13839,"date":"2025-03-28T14:16:43","date_gmt":"2025-03-28T14:16:43","guid":{"rendered":"https:\/\/www.siveco.com\/sobre-nos\/junte-se-a-nos\/aplicacao-nao-solicitada\/"},"modified":"2025-07-09T16:01:23","modified_gmt":"2025-07-09T16:01:23","slug":"aplicacao-nao-solicitada","status":"publish","type":"page","link":"https:\/\/www.siveco.com\/pt-br\/junte-se-a-nos\/aplicacao-nao-solicitada\/","title":{"rendered":"Aplica\u00e7\u00e3o n\u00e3o solicitada"},"content":{"rendered":"\t\t<div data-elementor-type=\"wp-page\" data-elementor-id=\"13839\" class=\"elementor elementor-13839 elementor-4777\" data-elementor-post-type=\"page\">\n\t\t\t\t<div class=\"elementor-element elementor-element-28c06d3 e-flex e-con-boxed e-con e-parent\" data-id=\"28c06d3\" data-element_type=\"container\" data-e-type=\"container\" data-settings=\"{&quot;jet_parallax_layout_list&quot;:[]}\">\n\t\t\t\t\t<div class=\"e-con-inner\">\n\t\t<div class=\"elementor-element elementor-element-0e0608c e-con-full e-flex e-con e-child\" data-id=\"0e0608c\" data-element_type=\"container\" data-e-type=\"container\" data-settings=\"{&quot;background_background&quot;:&quot;classic&quot;,&quot;jet_parallax_layout_list&quot;:[]}\">\n\t\t\t\t<div class=\"elementor-element elementor-element-515eda7 elementor-button-align-end elementor-widget__width-initial elementor-widget-mobile__width-inherit elementor-widget elementor-widget-form\" data-id=\"515eda7\" data-element_type=\"widget\" data-e-type=\"widget\" data-settings=\"{&quot;step_next_label&quot;:&quot;Pr\\u00f3ximo&quot;,&quot;step_previous_label&quot;:&quot;Anterior&quot;,&quot;button_width&quot;:&quot;100&quot;,&quot;step_type&quot;:&quot;number_text&quot;,&quot;step_icon_shape&quot;:&quot;circle&quot;}\" data-widget_type=\"form.default\">\n\t\t\t\t<div class=\"elementor-widget-container\">\n\t\t\t\t\t\t\t<form class=\"elementor-form\" method=\"post\" name=\"Aplica\u00e7\u00e3o n\u00e3o solicitada\" aria-label=\"Aplica\u00e7\u00e3o n\u00e3o solicitada\">\n\t\t\t<input type=\"hidden\" name=\"post_id\" value=\"13839\"\/>\n\t\t\t<input type=\"hidden\" name=\"form_id\" value=\"515eda7\"\/>\n\t\t\t<input type=\"hidden\" name=\"referer_title\" value=\"Siveco\" \/>\n\n\t\t\t\n\t\t\t<div class=\"elementor-form-fields-wrapper elementor-labels-above\">\n\t\t\t\t\t\t\t\t<div class=\"elementor-field-type-hidden elementor-field-group elementor-column elementor-field-group-offre elementor-col-100 elementor-md-50 elementor-sm-100\">\n\t\t\t\t\t\t\t\t\t\t\t\t\t<input size=\"1\" type=\"hidden\" name=\"form_fields[offre]\" id=\"form-field-offre\" class=\"elementor-field elementor-size-sm  elementor-field-textual\" value=\"Oferecer n-13839\">\n\t\t\t\t\t\t\t\t\t\t\t<\/div>\n\t\t\t\t\t\t\t\t<div class=\"elementor-field-type-hidden elementor-field-group elementor-column elementor-field-group-poste elementor-col-100 elementor-md-50 elementor-sm-100\">\n\t\t\t\t\t\t\t\t\t\t\t\t\t<input size=\"1\" type=\"hidden\" name=\"form_fields[poste]\" id=\"form-field-poste\" class=\"elementor-field elementor-size-sm  elementor-field-textual\" value=\"Aplica\u00e7\u00e3o n\u00e3o solicitada\">\n\t\t\t\t\t\t\t\t\t\t\t<\/div>\n\t\t\t\t\t\t\t\t<div class=\"elementor-field-type-text elementor-field-group elementor-column elementor-field-group-field_afed5d3 elementor-col-50 elementor-sm-100 elementor-field-required elementor-mark-required\">\n\t\t\t\t\t\t\t\t\t\t\t\t<label for=\"form-field-field_afed5d3\" class=\"elementor-field-label\">\n\t\t\t\t\t\t\t\tNome\t\t\t\t\t\t\t<\/label>\n\t\t\t\t\t\t\t\t\t\t\t\t\t\t<input size=\"1\" type=\"text\" name=\"form_fields[field_afed5d3]\" id=\"form-field-field_afed5d3\" class=\"elementor-field elementor-size-sm  elementor-field-textual\" required=\"required\">\n\t\t\t\t\t\t\t\t\t\t\t<\/div>\n\t\t\t\t\t\t\t\t<div class=\"elementor-field-type-text elementor-field-group elementor-column elementor-field-group-field_87b7c0c elementor-col-50 elementor-sm-100 elementor-field-required elementor-mark-required\">\n\t\t\t\t\t\t\t\t\t\t\t\t<label for=\"form-field-field_87b7c0c\" class=\"elementor-field-label\">\n\t\t\t\t\t\t\t\tPrimeiro nome\t\t\t\t\t\t\t<\/label>\n\t\t\t\t\t\t\t\t\t\t\t\t\t\t<input size=\"1\" type=\"text\" name=\"form_fields[field_87b7c0c]\" id=\"form-field-field_87b7c0c\" class=\"elementor-field elementor-size-sm  elementor-field-textual\" required=\"required\">\n\t\t\t\t\t\t\t\t\t\t\t<\/div>\n\t\t\t\t\t\t\t\t<div class=\"elementor-field-type-email elementor-field-group elementor-column elementor-field-group-email elementor-col-100 elementor-sm-100 elementor-field-required elementor-mark-required\">\n\t\t\t\t\t\t\t\t\t\t\t\t<label for=\"form-field-email\" class=\"elementor-field-label\">\n\t\t\t\t\t\t\t\tE-mail\t\t\t\t\t\t\t<\/label>\n\t\t\t\t\t\t\t\t\t\t\t\t\t\t<input size=\"1\" type=\"email\" name=\"form_fields[email]\" id=\"form-field-email\" class=\"elementor-field elementor-size-sm  elementor-field-textual\" required=\"required\">\n\t\t\t\t\t\t\t\t\t\t\t<\/div>\n\t\t\t\t\t\t\t\t<div class=\"elementor-field-type-upload elementor-field-group elementor-column elementor-field-group-field_26b1a68 elementor-col-100 elementor-sm-100 elementor-field-required elementor-mark-required\">\n\t\t\t\t\t\t\t\t\t\t\t\t<label for=\"form-field-field_26b1a68\" class=\"elementor-field-label\">\n\t\t\t\t\t\t\t\tCV\t\t\t\t\t\t\t<\/label>\n\t\t\t\t\t\t\t\t<input type=\"file\" name=\"form_fields[field_26b1a68]\" id=\"form-field-field_26b1a68\" class=\"elementor-field elementor-size-sm  elementor-upload-field\" required=\"required\" data-maxsize=\"2\" data-maxsize-message=\"Esse arquivo excede o tamanho m\u00e1ximo permitido.\">\n\n\t\t\t\t\t\t<\/div>\n\t\t\t\t\t\t\t\t<div class=\"elementor-field-type-upload elementor-field-group elementor-column elementor-field-group-field_2f24b1c elementor-col-100 elementor-sm-100 elementor-field-required elementor-mark-required\">\n\t\t\t\t\t\t\t\t\t\t\t\t<label for=\"form-field-field_2f24b1c\" class=\"elementor-field-label\">\n\t\t\t\t\t\t\t\tCarta de apresenta\u00e7\u00e3o\t\t\t\t\t\t\t<\/label>\n\t\t\t\t\t\t\t\t<input type=\"file\" name=\"form_fields[field_2f24b1c]\" id=\"form-field-field_2f24b1c\" class=\"elementor-field elementor-size-sm  elementor-upload-field\" required=\"required\" data-maxsize=\"2\" data-maxsize-message=\"Esse arquivo excede o tamanho m\u00e1ximo permitido.\">\n\n\t\t\t\t\t\t<\/div>\n\t\t\t\t\t\t\t\t<div class=\"elementor-field-type-select elementor-field-group elementor-column elementor-field-group-field_c044430 elementor-col-100 elementor-field-required elementor-mark-required\">\n\t\t\t\t\t\t\t\t\t\t\t\t<label for=\"form-field-field_c044430\" class=\"elementor-field-label\">\n\t\t\t\t\t\t\t\tTipo de contrato\t\t\t\t\t\t\t<\/label>\n\t\t\t\t\t\t\t\t<div class=\"elementor-field elementor-select-wrapper remove-before \">\n\t\t\t<div class=\"select-caret-down-wrapper\">\n\t\t\t\t<svg aria-hidden=\"true\" class=\"e-font-icon-svg e-eicon-caret-down\" viewBox=\"0 0 571.4 571.4\" xmlns=\"http:\/\/www.w3.org\/2000\/svg\"><path d=\"M571 393Q571 407 561 418L311 668Q300 679 286 679T261 668L11 418Q0 407 0 393T11 368 36 357H536Q550 357 561 368T571 393Z\"><\/path><\/svg>\t\t\t<\/div>\n\t\t\t<select name=\"form_fields[field_c044430]\" id=\"form-field-field_c044430\" class=\"elementor-field-textual elementor-size-sm\" required=\"required\">\n\t\t\t\t\t\t\t\t\t<option value=\"CDI\">CDI<\/option>\n\t\t\t\t\t\t\t\t\t<option value=\"CDD\">CDD<\/option>\n\t\t\t\t\t\t\t\t\t<option value=\"Altern\u00e2ncia\">Altern\u00e2ncia<\/option>\n\t\t\t\t\t\t\t\t\t<option value=\"Est\u00e1gio\">Est\u00e1gio<\/option>\n\t\t\t\t\t\t\t<\/select>\n\t\t<\/div>\n\t\t\t\t\t\t<\/div>\n\t\t\t\t\t\t\t\t<div class=\"elementor-field-type-acceptance elementor-field-group elementor-column elementor-field-group-field_2926142 elementor-col-100 elementor-field-required elementor-mark-required\">\n\t\t\t\t\t\t\t<div class=\"elementor-field-subgroup\">\n\t\t\t<span class=\"elementor-field-option\">\n\t\t\t\t<input type=\"checkbox\" name=\"form_fields[field_2926142]\" id=\"form-field-field_2926142\" class=\"elementor-field elementor-size-sm  elementor-acceptance-field\" required=\"required\">\n\t\t\t\t<label for=\"form-field-field_2926142\">Aceito os termos e condi\u00e7\u00f5es estabelecidos em nossa p\u00e1gina <a href=\"https:\/\/www.siveco.com\/politique-de-confidentialite\/\" target=\"_blank\">de pol\u00edtica de privacidade<\/a>.<\/label>\t\t\t<\/span>\n\t\t<\/div>\n\t\t\t\t\t\t<\/div>\n\t\t\t\t\t\t\t\t<div class=\"elementor-field-group elementor-column elementor-field-type-submit elementor-col-100 e-form__buttons\">\n\t\t\t\t\t<button class=\"elementor-button elementor-size-sm\" type=\"submit\">\n\t\t\t\t\t\t<span class=\"elementor-button-content-wrapper\">\n\t\t\t\t\t\t\t\t\t\t\t\t\t\t\t\t\t\t\t\t\t\t<span class=\"elementor-button-text\">Enviar<\/span>\n\t\t\t\t\t\t\t\t\t\t\t\t\t<\/span>\n\t\t\t\t\t<\/button>\n\t\t\t\t<\/div>\n\t\t\t<\/div>\n\t\t<\/form>\n\t\t\t\t\t\t<\/div>\n\t\t\t\t<\/div>\n\t\t\t\t<\/div>\n\t\t\t\t\t<\/div>\n\t\t\t\t<\/div>\n\t\t\t\t<\/div>\n\t\t","protected":false},"excerpt":{"rendered":"","protected":false},"author":1,"featured_media":0,"parent":13585,"menu_order":0,"comment_status":"closed","ping_status":"closed","template":"","meta":{"footnotes":""},"class_list":["post-13839","page","type-page","status-publish","hentry"],"yoast_head":"<!-- This site is optimized with the Yoast SEO plugin v27.3 - https:\/\/yoast.com\/product\/yoast-seo-wordpress\/ -->\n<title>Aplica\u00e7\u00e3o n\u00e3o solicitada - Siveco<\/title>\n<meta name=\"robots\" content=\"index, follow, max-snippet:-1, max-image-preview:large, max-video-preview:-1\" \/>\n<link rel=\"canonical\" href=\"https:\/\/www.siveco.com\/pt-br\/junte-se-a-nos\/aplicacao-nao-solicitada\/\" \/>\n<meta property=\"og:locale\" content=\"pt_BR\" \/>\n<meta property=\"og:type\" content=\"article\" \/>\n<meta property=\"og:title\" content=\"Aplica\u00e7\u00e3o n\u00e3o solicitada - Siveco\" \/>\n<meta property=\"og:url\" content=\"https:\/\/www.siveco.com\/pt-br\/junte-se-a-nos\/aplicacao-nao-solicitada\/\" \/>\n<meta property=\"og:site_name\" content=\"Siveco\" \/>\n<meta property=\"article:modified_time\" content=\"2025-07-09T16:01:23+00:00\" \/>\n<meta name=\"twitter:card\" content=\"summary_large_image\" \/>\n<script type=\"application\/ld+json\" class=\"yoast-schema-graph\">{\"@context\":\"https:\\\/\\\/schema.org\",\"@graph\":[{\"@type\":\"WebPage\",\"@id\":\"https:\\\/\\\/www.siveco.com\\\/pt-br\\\/junte-se-a-nos\\\/aplicacao-nao-solicitada\\\/\",\"url\":\"https:\\\/\\\/www.siveco.com\\\/pt-br\\\/junte-se-a-nos\\\/aplicacao-nao-solicitada\\\/\",\"name\":\"Aplica\u00e7\u00e3o n\u00e3o solicitada - Siveco\",\"isPartOf\":{\"@id\":\"https:\\\/\\\/www.siveco.com\\\/pt-br\\\/#website\"},\"datePublished\":\"2025-03-28T14:16:43+00:00\",\"dateModified\":\"2025-07-09T16:01:23+00:00\",\"breadcrumb\":{\"@id\":\"https:\\\/\\\/www.siveco.com\\\/pt-br\\\/junte-se-a-nos\\\/aplicacao-nao-solicitada\\\/#breadcrumb\"},\"inLanguage\":\"pt-BR\",\"potentialAction\":[{\"@type\":\"ReadAction\",\"target\":[\"https:\\\/\\\/www.siveco.com\\\/pt-br\\\/junte-se-a-nos\\\/aplicacao-nao-solicitada\\\/\"]}]},{\"@type\":\"BreadcrumbList\",\"@id\":\"https:\\\/\\\/www.siveco.com\\\/pt-br\\\/junte-se-a-nos\\\/aplicacao-nao-solicitada\\\/#breadcrumb\",\"itemListElement\":[{\"@type\":\"ListItem\",\"position\":1,\"name\":\"Accueil\",\"item\":\"https:\\\/\\\/www.siveco.com\\\/pt-br\\\/\"},{\"@type\":\"ListItem\",\"position\":2,\"name\":\"Junte-se a n\u00f3s\",\"item\":\"https:\\\/\\\/www.siveco.com\\\/pt-br\\\/junte-se-a-nos\\\/\"},{\"@type\":\"ListItem\",\"position\":3,\"name\":\"Aplica\u00e7\u00e3o n\u00e3o solicitada\"}]},{\"@type\":\"WebSite\",\"@id\":\"https:\\\/\\\/www.siveco.com\\\/pt-br\\\/#website\",\"url\":\"https:\\\/\\\/www.siveco.com\\\/pt-br\\\/\",\"name\":\"Siveco\",\"description\":\"Le sp\u00e9cialiste de la GMAO\",\"publisher\":{\"@id\":\"https:\\\/\\\/www.siveco.com\\\/pt-br\\\/#organization\"},\"potentialAction\":[{\"@type\":\"SearchAction\",\"target\":{\"@type\":\"EntryPoint\",\"urlTemplate\":\"https:\\\/\\\/www.siveco.com\\\/pt-br\\\/?s={search_term_string}\"},\"query-input\":{\"@type\":\"PropertyValueSpecification\",\"valueRequired\":true,\"valueName\":\"search_term_string\"}}],\"inLanguage\":\"pt-BR\"},{\"@type\":\"Organization\",\"@id\":\"https:\\\/\\\/www.siveco.com\\\/pt-br\\\/#organization\",\"name\":\"Siveco\",\"url\":\"https:\\\/\\\/www.siveco.com\\\/pt-br\\\/\",\"logo\":{\"@type\":\"ImageObject\",\"inLanguage\":\"pt-BR\",\"@id\":\"https:\\\/\\\/www.siveco.com\\\/pt-br\\\/#\\\/schema\\\/logo\\\/image\\\/\",\"url\":\"https:\\\/\\\/www.siveco.com\\\/wp-content\\\/uploads\\\/2025\\\/02\\\/logo-siveco-white.png\",\"contentUrl\":\"https:\\\/\\\/www.siveco.com\\\/wp-content\\\/uploads\\\/2025\\\/02\\\/logo-siveco-white.png\",\"width\":1168,\"height\":481,\"caption\":\"Siveco\"},\"image\":{\"@id\":\"https:\\\/\\\/www.siveco.com\\\/pt-br\\\/#\\\/schema\\\/logo\\\/image\\\/\"}}]}<\/script>\n<!-- \/ Yoast SEO plugin. -->","yoast_head_json":{"title":"Aplica\u00e7\u00e3o n\u00e3o solicitada - Siveco","robots":{"index":"index","follow":"follow","max-snippet":"max-snippet:-1","max-image-preview":"max-image-preview:large","max-video-preview":"max-video-preview:-1"},"canonical":"https:\/\/www.siveco.com\/pt-br\/junte-se-a-nos\/aplicacao-nao-solicitada\/","og_locale":"pt_BR","og_type":"article","og_title":"Aplica\u00e7\u00e3o n\u00e3o solicitada - Siveco","og_url":"https:\/\/www.siveco.com\/pt-br\/junte-se-a-nos\/aplicacao-nao-solicitada\/","og_site_name":"Siveco","article_modified_time":"2025-07-09T16:01:23+00:00","twitter_card":"summary_large_image","schema":{"@context":"https:\/\/schema.org","@graph":[{"@type":"WebPage","@id":"https:\/\/www.siveco.com\/pt-br\/junte-se-a-nos\/aplicacao-nao-solicitada\/","url":"https:\/\/www.siveco.com\/pt-br\/junte-se-a-nos\/aplicacao-nao-solicitada\/","name":"Aplica\u00e7\u00e3o n\u00e3o solicitada - Siveco","isPartOf":{"@id":"https:\/\/www.siveco.com\/pt-br\/#website"},"datePublished":"2025-03-28T14:16:43+00:00","dateModified":"2025-07-09T16:01:23+00:00","breadcrumb":{"@id":"https:\/\/www.siveco.com\/pt-br\/junte-se-a-nos\/aplicacao-nao-solicitada\/#breadcrumb"},"inLanguage":"pt-BR","potentialAction":[{"@type":"ReadAction","target":["https:\/\/www.siveco.com\/pt-br\/junte-se-a-nos\/aplicacao-nao-solicitada\/"]}]},{"@type":"BreadcrumbList","@id":"https:\/\/www.siveco.com\/pt-br\/junte-se-a-nos\/aplicacao-nao-solicitada\/#breadcrumb","itemListElement":[{"@type":"ListItem","position":1,"name":"Accueil","item":"https:\/\/www.siveco.com\/pt-br\/"},{"@type":"ListItem","position":2,"name":"Junte-se a n\u00f3s","item":"https:\/\/www.siveco.com\/pt-br\/junte-se-a-nos\/"},{"@type":"ListItem","position":3,"name":"Aplica\u00e7\u00e3o n\u00e3o solicitada"}]},{"@type":"WebSite","@id":"https:\/\/www.siveco.com\/pt-br\/#website","url":"https:\/\/www.siveco.com\/pt-br\/","name":"Siveco","description":"Le sp\u00e9cialiste de la GMAO","publisher":{"@id":"https:\/\/www.siveco.com\/pt-br\/#organization"},"potentialAction":[{"@type":"SearchAction","target":{"@type":"EntryPoint","urlTemplate":"https:\/\/www.siveco.com\/pt-br\/?s={search_term_string}"},"query-input":{"@type":"PropertyValueSpecification","valueRequired":true,"valueName":"search_term_string"}}],"inLanguage":"pt-BR"},{"@type":"Organization","@id":"https:\/\/www.siveco.com\/pt-br\/#organization","name":"Siveco","url":"https:\/\/www.siveco.com\/pt-br\/","logo":{"@type":"ImageObject","inLanguage":"pt-BR","@id":"https:\/\/www.siveco.com\/pt-br\/#\/schema\/logo\/image\/","url":"https:\/\/www.siveco.com\/wp-content\/uploads\/2025\/02\/logo-siveco-white.png","contentUrl":"https:\/\/www.siveco.com\/wp-content\/uploads\/2025\/02\/logo-siveco-white.png","width":1168,"height":481,"caption":"Siveco"},"image":{"@id":"https:\/\/www.siveco.com\/pt-br\/#\/schema\/logo\/image\/"}}]}},"_links":{"self":[{"href":"https:\/\/www.siveco.com\/pt-br\/wp-json\/wp\/v2\/pages\/13839","targetHints":{"allow":["GET"]}}],"collection":[{"href":"https:\/\/www.siveco.com\/pt-br\/wp-json\/wp\/v2\/pages"}],"about":[{"href":"https:\/\/www.siveco.com\/pt-br\/wp-json\/wp\/v2\/types\/page"}],"author":[{"embeddable":true,"href":"https:\/\/www.siveco.com\/pt-br\/wp-json\/wp\/v2\/users\/1"}],"replies":[{"embeddable":true,"href":"https:\/\/www.siveco.com\/pt-br\/wp-json\/wp\/v2\/comments?post=13839"}],"version-history":[{"count":1,"href":"https:\/\/www.siveco.com\/pt-br\/wp-json\/wp\/v2\/pages\/13839\/revisions"}],"predecessor-version":[{"id":13840,"href":"https:\/\/www.siveco.com\/pt-br\/wp-json\/wp\/v2\/pages\/13839\/revisions\/13840"}],"up":[{"embeddable":true,"href":"https:\/\/www.siveco.com\/pt-br\/wp-json\/wp\/v2\/pages\/13585"}],"wp:attachment":[{"href":"https:\/\/www.siveco.com\/pt-br\/wp-json\/wp\/v2\/media?parent=13839"}],"curies":[{"name":"wp","href":"https:\/\/api.w.org\/{rel}","templated":true}]}}