 {"id":13846,"date":"2025-02-18T17:40:13","date_gmt":"2025-02-18T17:40:13","guid":{"rendered":"https:\/\/www.siveco.com\/informacoes-legais\/"},"modified":"2025-09-23T08:21:09","modified_gmt":"2025-09-23T08:21:09","slug":"informacoes-legais","status":"publish","type":"page","link":"https:\/\/www.siveco.com\/pt-br\/informacoes-legais\/","title":{"rendered":"Informa\u00e7\u00f5es legais"},"content":{"rendered":"\t\t<div data-elementor-type=\"wp-page\" data-elementor-id=\"13846\" class=\"elementor elementor-13846 elementor-520\" data-elementor-post-type=\"page\">\n\t\t\t\t<div class=\"elementor-element elementor-element-6c32866 e-flex e-con-boxed e-con e-parent\" data-id=\"6c32866\" data-element_type=\"container\" data-e-type=\"container\" data-settings=\"{&quot;jet_parallax_layout_list&quot;:[]}\">\n\t\t\t\t\t<div class=\"e-con-inner\">\n\t\t\t\t<div class=\"elementor-element elementor-element-8e130e3 elementor-widget elementor-widget-text-editor\" data-id=\"8e130e3\" data-element_type=\"widget\" data-e-type=\"widget\" data-widget_type=\"text-editor.default\">\n\t\t\t\t<div class=\"elementor-widget-container\">\n\t\t\t\t\t\t\t\t\t<h2>Propriedade do site<\/h2><p>Siveco Group<br>10-14, rue Jo\u00ebl le Theule<br>78180 Montigny-le-Bretonneux &#8211; Fran\u00e7a<br>Tel.: +33 1 30 45 98 80<\/p><p>SA com capital social de 2.580.638,52 euros<br>RCS: Versailles B 334 983 087<br>N\u00famero de IVA intracomunit\u00e1rio: FR76334983087<\/p><p>Concep\u00e7\u00e3o, desenvolvimento, realiza\u00e7\u00e3o gr\u00e1fica e refer\u00eancia na Internet por<a href=\"https:\/\/www.pulsar-agency.com\" target=\"_blank\" rel=\"noopener\"> Pulsar<\/a><\/p><p>Hospedagem: servidor dedicado na OVH<\/p><p>Software utilizado: WordPress<\/p><h2>Quadro legal da CNIL e RGPD<\/h2><p>As informa\u00e7\u00f5es recolhidas s\u00e3o objeto de um tratamento inform\u00e1tico destinado ao processamento do seu pedido. O destinat\u00e1rio dos dados \u00e9 o editor do site. De acordo com a lei \u201cinform\u00e1tica e liberdades\u201d de 6 de janeiro de 1978, alterada em 2004 e em 2018 pelo RGPD (Regulamento Geral de Prote\u00e7\u00e3o de Dados), voc\u00ea tem o direito de acessar e retificar as informa\u00e7\u00f5es que lhe dizem respeito, o qual pode ser exercido entrando em contato com o editor do site. Voc\u00ea tamb\u00e9m pode, por motivos leg\u00edtimos, se opor ao tratamento dos dados que lhe dizem respeito.    Para consultar as condi\u00e7\u00f5es aplic\u00e1veis ao tratamento de dados pessoais, <a href=\"https:\/\/www.siveco.com\/pt-br\/aviso-de-informacoes-sobre-o-processamento-de-dados-pessoais\/\">clique aqui.<\/a><\/p><h2>Utiliza\u00e7\u00e3o de cookies<\/h2><p>Um ou mais cookies (pequenos arquivos de texto) podem ser instalados no disco r\u00edgido do seu computador quando voc\u00ea visita nosso site. Esses cookies permitem, entre outras coisas, garantir o bom funcionamento das cadeias de navega\u00e7\u00e3o global e personalizar seu acesso a todo ou parte do nosso site. Voc\u00ea pode excluir os cookies instalados durante sua visita ao nosso site usando a barra de ferramentas do seu navegador. A exclus\u00e3o dos cookies deve ser feita ap\u00f3s o t\u00e9rmino da sua navega\u00e7\u00e3o no site. Voc\u00ea est\u00e1 ciente de que o uso do nosso site, bem como os servi\u00e7os nele oferecidos, podem ser prejudicados ou mesmo impedidos. O prazo de reten\u00e7\u00e3o do consentimento para os cookies tem um prazo de validade de 13 meses. Os dados armazenados pelo Google Analytics s\u00e3o potencialmente transmitidos ao Google US e o estudo de impacto foi realizado pelo Google Europe.      <\/p><p>O consentimento obrigat\u00f3rio e expl\u00edcito do usu\u00e1rio para qualquer servi\u00e7o utilizado no site, como Google Analytics, Adsense, Adwords, compartilhamentos em redes sociais, etc., n\u00e3o tem prazo de validade.<\/p>\t\t\t\t\t\t\t\t<\/div>\n\t\t\t\t<\/div>\n\t\t\t\t\t<\/div>\n\t\t\t\t<\/div>\n\t\t\t\t<\/div>\n\t\t","protected":false},"excerpt":{"rendered":"<p>Propriedade do site Siveco Group10-14, rue Jo\u00ebl le Theule78180 Montigny-le-Bretonneux &#8211; Fran\u00e7aTel.: +33 1 30 45 98 80 SA com capital social de 2.580.638,52 eurosRCS: Versailles B 334 983 087N\u00famero de IVA intracomunit\u00e1rio: FR76334983087 Concep\u00e7\u00e3o, desenvolvimento, realiza\u00e7\u00e3o gr\u00e1fica e refer\u00eancia na Internet por Pulsar Hospedagem: servidor dedicado na OVH Software utilizado: WordPress Quadro legal da [&hellip;]<\/p>\n","protected":false},"author":1,"featured_media":0,"parent":0,"menu_order":0,"comment_status":"closed","ping_status":"closed","template":"","meta":{"footnotes":""},"class_list":["post-13846","page","type-page","status-publish","hentry"],"yoast_head":"<!-- This site is optimized with the Yoast SEO plugin v27.3 - https:\/\/yoast.com\/product\/yoast-seo-wordpress\/ -->\n<title>Informa\u00e7\u00f5es legais - Siveco<\/title>\n<meta name=\"robots\" content=\"index, follow, max-snippet:-1, max-image-preview:large, max-video-preview:-1\" \/>\n<link rel=\"canonical\" href=\"https:\/\/www.siveco.com\/pt-br\/informacoes-legais\/\" \/>\n<meta property=\"og:locale\" content=\"pt_BR\" \/>\n<meta property=\"og:type\" content=\"article\" \/>\n<meta property=\"og:title\" content=\"Informa\u00e7\u00f5es legais - Siveco\" \/>\n<meta property=\"og:description\" content=\"Propriedade do site Siveco Group10-14, rue Jo\u00ebl le Theule78180 Montigny-le-Bretonneux &#8211; Fran\u00e7aTel.: +33 1 30 45 98 80 SA com capital social de 2.580.638,52 eurosRCS: Versailles B 334 983 087N\u00famero de IVA intracomunit\u00e1rio: FR76334983087 Concep\u00e7\u00e3o, desenvolvimento, realiza\u00e7\u00e3o gr\u00e1fica e refer\u00eancia na Internet por Pulsar Hospedagem: servidor dedicado na OVH Software utilizado: WordPress Quadro legal da [&hellip;]\" \/>\n<meta property=\"og:url\" content=\"https:\/\/www.siveco.com\/pt-br\/informacoes-legais\/\" \/>\n<meta property=\"og:site_name\" content=\"Siveco\" \/>\n<meta property=\"article:modified_time\" content=\"2025-09-23T08:21:09+00:00\" \/>\n<meta name=\"twitter:card\" content=\"summary_large_image\" \/>\n<meta name=\"twitter:label1\" content=\"Est. tempo de leitura\" \/>\n\t<meta name=\"twitter:data1\" content=\"2 minutos\" \/>\n<script type=\"application\/ld+json\" class=\"yoast-schema-graph\">{\"@context\":\"https:\\\/\\\/schema.org\",\"@graph\":[{\"@type\":\"WebPage\",\"@id\":\"https:\\\/\\\/www.siveco.com\\\/pt-br\\\/informacoes-legais\\\/\",\"url\":\"https:\\\/\\\/www.siveco.com\\\/pt-br\\\/informacoes-legais\\\/\",\"name\":\"Informa\u00e7\u00f5es legais - Siveco\",\"isPartOf\":{\"@id\":\"https:\\\/\\\/www.siveco.com\\\/pt-br\\\/#website\"},\"datePublished\":\"2025-02-18T17:40:13+00:00\",\"dateModified\":\"2025-09-23T08:21:09+00:00\",\"breadcrumb\":{\"@id\":\"https:\\\/\\\/www.siveco.com\\\/pt-br\\\/informacoes-legais\\\/#breadcrumb\"},\"inLanguage\":\"pt-BR\",\"potentialAction\":[{\"@type\":\"ReadAction\",\"target\":[\"https:\\\/\\\/www.siveco.com\\\/pt-br\\\/informacoes-legais\\\/\"]}]},{\"@type\":\"BreadcrumbList\",\"@id\":\"https:\\\/\\\/www.siveco.com\\\/pt-br\\\/informacoes-legais\\\/#breadcrumb\",\"itemListElement\":[{\"@type\":\"ListItem\",\"position\":1,\"name\":\"Accueil\",\"item\":\"https:\\\/\\\/www.siveco.com\\\/pt-br\\\/\"},{\"@type\":\"ListItem\",\"position\":2,\"name\":\"Informa\u00e7\u00f5es legais\"}]},{\"@type\":\"WebSite\",\"@id\":\"https:\\\/\\\/www.siveco.com\\\/pt-br\\\/#website\",\"url\":\"https:\\\/\\\/www.siveco.com\\\/pt-br\\\/\",\"name\":\"Siveco\",\"description\":\"Le sp\u00e9cialiste de la GMAO\",\"publisher\":{\"@id\":\"https:\\\/\\\/www.siveco.com\\\/pt-br\\\/#organization\"},\"potentialAction\":[{\"@type\":\"SearchAction\",\"target\":{\"@type\":\"EntryPoint\",\"urlTemplate\":\"https:\\\/\\\/www.siveco.com\\\/pt-br\\\/?s={search_term_string}\"},\"query-input\":{\"@type\":\"PropertyValueSpecification\",\"valueRequired\":true,\"valueName\":\"search_term_string\"}}],\"inLanguage\":\"pt-BR\"},{\"@type\":\"Organization\",\"@id\":\"https:\\\/\\\/www.siveco.com\\\/pt-br\\\/#organization\",\"name\":\"Siveco\",\"url\":\"https:\\\/\\\/www.siveco.com\\\/pt-br\\\/\",\"logo\":{\"@type\":\"ImageObject\",\"inLanguage\":\"pt-BR\",\"@id\":\"https:\\\/\\\/www.siveco.com\\\/pt-br\\\/#\\\/schema\\\/logo\\\/image\\\/\",\"url\":\"https:\\\/\\\/www.siveco.com\\\/wp-content\\\/uploads\\\/2025\\\/02\\\/logo-siveco-white.png\",\"contentUrl\":\"https:\\\/\\\/www.siveco.com\\\/wp-content\\\/uploads\\\/2025\\\/02\\\/logo-siveco-white.png\",\"width\":1168,\"height\":481,\"caption\":\"Siveco\"},\"image\":{\"@id\":\"https:\\\/\\\/www.siveco.com\\\/pt-br\\\/#\\\/schema\\\/logo\\\/image\\\/\"}}]}<\/script>\n<!-- \/ Yoast SEO plugin. -->","yoast_head_json":{"title":"Informa\u00e7\u00f5es legais - Siveco","robots":{"index":"index","follow":"follow","max-snippet":"max-snippet:-1","max-image-preview":"max-image-preview:large","max-video-preview":"max-video-preview:-1"},"canonical":"https:\/\/www.siveco.com\/pt-br\/informacoes-legais\/","og_locale":"pt_BR","og_type":"article","og_title":"Informa\u00e7\u00f5es legais - Siveco","og_description":"Propriedade do site Siveco Group10-14, rue Jo\u00ebl le Theule78180 Montigny-le-Bretonneux &#8211; Fran\u00e7aTel.: +33 1 30 45 98 80 SA com capital social de 2.580.638,52 eurosRCS: Versailles B 334 983 087N\u00famero de IVA intracomunit\u00e1rio: FR76334983087 Concep\u00e7\u00e3o, desenvolvimento, realiza\u00e7\u00e3o gr\u00e1fica e refer\u00eancia na Internet por Pulsar Hospedagem: servidor dedicado na OVH Software utilizado: WordPress Quadro legal da [&hellip;]","og_url":"https:\/\/www.siveco.com\/pt-br\/informacoes-legais\/","og_site_name":"Siveco","article_modified_time":"2025-09-23T08:21:09+00:00","twitter_card":"summary_large_image","twitter_misc":{"Est. tempo de leitura":"2 minutos"},"schema":{"@context":"https:\/\/schema.org","@graph":[{"@type":"WebPage","@id":"https:\/\/www.siveco.com\/pt-br\/informacoes-legais\/","url":"https:\/\/www.siveco.com\/pt-br\/informacoes-legais\/","name":"Informa\u00e7\u00f5es legais - Siveco","isPartOf":{"@id":"https:\/\/www.siveco.com\/pt-br\/#website"},"datePublished":"2025-02-18T17:40:13+00:00","dateModified":"2025-09-23T08:21:09+00:00","breadcrumb":{"@id":"https:\/\/www.siveco.com\/pt-br\/informacoes-legais\/#breadcrumb"},"inLanguage":"pt-BR","potentialAction":[{"@type":"ReadAction","target":["https:\/\/www.siveco.com\/pt-br\/informacoes-legais\/"]}]},{"@type":"BreadcrumbList","@id":"https:\/\/www.siveco.com\/pt-br\/informacoes-legais\/#breadcrumb","itemListElement":[{"@type":"ListItem","position":1,"name":"Accueil","item":"https:\/\/www.siveco.com\/pt-br\/"},{"@type":"ListItem","position":2,"name":"Informa\u00e7\u00f5es legais"}]},{"@type":"WebSite","@id":"https:\/\/www.siveco.com\/pt-br\/#website","url":"https:\/\/www.siveco.com\/pt-br\/","name":"Siveco","description":"Le sp\u00e9cialiste de la GMAO","publisher":{"@id":"https:\/\/www.siveco.com\/pt-br\/#organization"},"potentialAction":[{"@type":"SearchAction","target":{"@type":"EntryPoint","urlTemplate":"https:\/\/www.siveco.com\/pt-br\/?s={search_term_string}"},"query-input":{"@type":"PropertyValueSpecification","valueRequired":true,"valueName":"search_term_string"}}],"inLanguage":"pt-BR"},{"@type":"Organization","@id":"https:\/\/www.siveco.com\/pt-br\/#organization","name":"Siveco","url":"https:\/\/www.siveco.com\/pt-br\/","logo":{"@type":"ImageObject","inLanguage":"pt-BR","@id":"https:\/\/www.siveco.com\/pt-br\/#\/schema\/logo\/image\/","url":"https:\/\/www.siveco.com\/wp-content\/uploads\/2025\/02\/logo-siveco-white.png","contentUrl":"https:\/\/www.siveco.com\/wp-content\/uploads\/2025\/02\/logo-siveco-white.png","width":1168,"height":481,"caption":"Siveco"},"image":{"@id":"https:\/\/www.siveco.com\/pt-br\/#\/schema\/logo\/image\/"}}]}},"_links":{"self":[{"href":"https:\/\/www.siveco.com\/pt-br\/wp-json\/wp\/v2\/pages\/13846","targetHints":{"allow":["GET"]}}],"collection":[{"href":"https:\/\/www.siveco.com\/pt-br\/wp-json\/wp\/v2\/pages"}],"about":[{"href":"https:\/\/www.siveco.com\/pt-br\/wp-json\/wp\/v2\/types\/page"}],"author":[{"embeddable":true,"href":"https:\/\/www.siveco.com\/pt-br\/wp-json\/wp\/v2\/users\/1"}],"replies":[{"embeddable":true,"href":"https:\/\/www.siveco.com\/pt-br\/wp-json\/wp\/v2\/comments?post=13846"}],"version-history":[{"count":2,"href":"https:\/\/www.siveco.com\/pt-br\/wp-json\/wp\/v2\/pages\/13846\/revisions"}],"predecessor-version":[{"id":16928,"href":"https:\/\/www.siveco.com\/pt-br\/wp-json\/wp\/v2\/pages\/13846\/revisions\/16928"}],"wp:attachment":[{"href":"https:\/\/www.siveco.com\/pt-br\/wp-json\/wp\/v2\/media?parent=13846"}],"curies":[{"name":"wp","href":"https:\/\/api.w.org\/{rel}","templated":true}]}}